{"id":914,"date":"2017-10-01T17:15:12","date_gmt":"2017-10-01T15:15:12","guid":{"rendered":"https:\/\/locappartavoriaz.com\/?page_id=914"},"modified":"2024-10-20T16:22:36","modified_gmt":"2024-10-20T14:22:36","slug":"activites","status":"publish","type":"page","link":"https:\/\/locappartavoriaz.com\/index.php\/activites\/","title":{"rendered":"Activit\u00e9s interieures"},"content":{"rendered":"\r\n\r\n\r\n<h2 class=\"wp-block-heading has-medium-font-size\"><span style=\"color: #800000;\"><strong>L\u2019AQUARIAZ : Paradis Aquatique \u00e0 AVORIAZ<\/strong><\/span><\/h2>\r\n\r\n\r\n\r\n<p class=\"has-normal-font-size\"><strong>Conditions d\u2019acc\u00e8s : Shorts de bains autoris\u00e9s. Les enfants de moins de 12 ans doivent \u00eatre accompagn\u00e9s d\u2019un adulte (18 ans).<\/strong><\/p>\r\n<p><strong>\r\n\r\n<\/strong><\/p>\r\n<p class=\"has-normal-font-size\"><strong>Imaginez-vous un instant, entre cascades, rochers et jungle tropicale\u2026\u00e0 1800 m\u00e8tres d\u2019altitude! Sous le regard protecteur des arbres g\u00e9ants, vivez une exp\u00e9rience inoubliable.<\/strong><\/p>\r\n\r\n\r\n<p><iframe loading=\"lazy\" title=\"Le centre Aqualudique AQUARIAZ, la piscine tropicale d&#039;Avoriaz \/ Aquacenter Aquariaz of Avoriaz\" width=\"500\" height=\"281\" src=\"https:\/\/www.youtube.com\/embed\/zaNudecO_88?feature=oembed\" frameborder=\"0\" allow=\"accelerometer; autoplay; clipboard-write; encrypted-media; gyroscope; picture-in-picture; web-share\" referrerpolicy=\"strict-origin-when-cross-origin\" allowfullscreen><\/iframe><\/p>\n\r\n\r\n<style>#kt-layout-id_7c3f9a-6e > .kt-row-column-wrap{align-content:start;}:where(#kt-layout-id_7c3f9a-6e > .kt-row-column-wrap) > .wp-block-kadence-column{justify-content:start;}#kt-layout-id_7c3f9a-6e > .kt-row-column-wrap{column-gap:40px;row-gap:var(--global-kb-gap-md, 2rem);padding-top:var( --global-kb-row-default-top, 25px );padding-bottom:var( --global-kb-row-default-bottom, 25px );padding-top:40px;padding-bottom:24px;padding-left:0px;padding-right:0px;grid-template-columns:repeat(2, minmax(0, 1fr));}#kt-layout-id_7c3f9a-6e > .kt-row-layout-overlay{opacity:0.30;}@media all and (max-width: 1024px){#kt-layout-id_7c3f9a-6e > .kt-row-column-wrap{grid-template-columns:repeat(2, minmax(0, 1fr));}}@media all and (max-width: 767px){#kt-layout-id_7c3f9a-6e > .kt-row-column-wrap{grid-template-columns:minmax(0, 1fr);}}<\/style>\r\n<div class=\"wp-block-kadence-rowlayout alignnone\">\r\n<div id=\"kt-layout-id_7c3f9a-6e\" class=\"kt-row-layout-inner kt-layout-id_7c3f9a-6e\">\r\n<div class=\"kt-row-column-wrap kt-has-2-columns kt-gutter-wide kt-v-gutter-default kt-row-valign-top kt-row-layout-equal kt-tab-layout-inherit kt-m-colapse-left-to-right kt-mobile-layout-row\"><style>.kadence-column_0da2b9-8d > .kt-inside-inner-col{border-top-width:0px;border-right-width:0px;border-bottom-width:0px;border-left-width:0px;}.kadence-column_0da2b9-8d > .kt-inside-inner-col,.kadence-column_0da2b9-8d > .kt-inside-inner-col:before{border-top-left-radius:0px;border-top-right-radius:0px;border-bottom-right-radius:0px;border-bottom-left-radius:0px;}.kadence-column_0da2b9-8d > .kt-inside-inner-col{column-gap:var(--global-kb-gap-sm, 1rem);}.kadence-column_0da2b9-8d > .kt-inside-inner-col{flex-direction:column;}.kadence-column_0da2b9-8d > .kt-inside-inner-col > .aligncenter{width:100%;}.kadence-column_0da2b9-8d > .kt-inside-inner-col:before{opacity:0.3;}.kadence-column_0da2b9-8d{position:relative;}@media all and (max-width: 1024px){.kadence-column_0da2b9-8d > .kt-inside-inner-col{flex-direction:column;justify-content:center;}}@media all and (max-width: 767px){.kadence-column_0da2b9-8d > .kt-inside-inner-col{flex-direction:column;justify-content:center;}}<\/style>\r\n<div class=\"wp-block-kadence-column inner-column-1 kadence-column_0da2b9-8d\">\r\n<div class=\"kt-inside-inner-col\">\r\n<h5><strong>DATES \/ Heures d\u2019ouverture (hiver)<\/strong><br \/><strong>Du 13 D\u00e9cembre 2024 au 21 Avril 2025 (Du dimanche au vendredi de 14h \u00e0 20h \/ Ferm\u00e9 le samedi.<\/strong><\/h5>\r\n<\/div>\r\n<\/div>\r\n<div class=\"wp-block-kadence-column inner-column-2 kadence-column_b3cfc9-3f\">\r\n<div><strong style=\"color: inherit; font-family: inherit;\">Participer \u00e0 des Cours Aqua-sport \u00e0 l&rsquo;Aquariaz (tarifs pouvant \u00e9voluer)<\/strong><\/div>\r\n<h5><strong>Carte 5 s\u00e9ances : 50 \u20ac \/ 1 s\u00e9ance \/ 13 \u20ac<\/strong><br \/><strong>R\u00e9servation sur place \/ <\/strong><strong>Tickets \u00e0 acheter pendant les heures d\u2019ouverture de l\u2019Aquariaz.<\/strong><\/h5>\r\n<\/div>\r\n<\/div>\r\n<\/div>\r\n<\/div>\r\n\r\n\r\n<style>.wp-block-kadence-spacer.kt-block-spacer-_4aab06-9b .kt-block-spacer{height:54px;}.wp-block-kadence-spacer.kt-block-spacer-_4aab06-9b .kt-divider{border-top-width:6px;border-top-color:#2600a3;width:100%;border-top-style:dotted;}<\/style>\r\n<h2 class=\"wp-block-heading has-medium-font-size\"><span style=\"color: #800000;\"><strong>Plongez dans la r\u00e9alit\u00e9 virtuelle !!<\/strong><\/span><\/h2>\r\n<div class=\"kad-youtube-shortcode videofit\"  ><iframe loading=\"lazy\" width=\"600\" height=\"400\" src=\"\/\/www.youtube.com\/embed\/_NV9SJIuD_4?autoplay=0&amp;controls=1&amp;fs=1&amp;modestbranding=0&amp;theme=dark&amp;rel=0&amp;loop=0\" frameborder=\"0\" allowfullscreen=\"true\"><\/iframe><\/div>\r\n<hr class=\"kt-divider\" \/>\r\n\r\n\r\n<h2 class=\"wp-block-heading has-medium-font-size\"><span style=\"color: #800000;\"><strong>Et pourquoi pas un BOWLING !!<\/strong><\/span><\/h2>\r\n<div class=\"kad-youtube-shortcode videofit\"  ><iframe loading=\"lazy\" width=\"40\" height=\"40\" src=\"\/\/www.youtube.com\/embed\/ogD3trCq31w?autoplay=0&amp;controls=1&amp;fs=1&amp;modestbranding=0&amp;theme=dark&amp;rel=0&amp;loop=0\" frameborder=\"0\" allowfullscreen=\"true\"><\/iframe><\/div>\r\n<p>&nbsp;<\/p>\r\n<p>&nbsp;<\/p>\r\n","protected":false},"excerpt":{"rendered":"<p>L\u2019AQUARIAZ : Paradis Aquatique \u00e0 AVORIAZ Conditions d\u2019acc\u00e8s : Shorts de bains autoris\u00e9s. Les enfants de moins de 12 ans doivent \u00eatre accompagn\u00e9s d\u2019un adulte (18 ans). Imaginez-vous un instant, entre cascades, rochers et jungle tropicale\u2026\u00e0 1800 m\u00e8tres d\u2019altitude! Sous &hellip; <a href=\"https:\/\/locappartavoriaz.com\/index.php\/activites\/\">Lire la suite\u00ad\u00ad<\/a><\/p>\n","protected":false},"author":1,"featured_media":0,"parent":0,"menu_order":0,"comment_status":"closed","ping_status":"closed","template":"page-feature.php","meta":{"kt_blocks_editor_width":"","two_page_speed":[],"footnotes":""},"class_list":["post-914","page","type-page","status-publish","hentry"],"yoast_head":"<!-- This site is optimized with the Yoast SEO plugin v27.1.1 - https:\/\/yoast.com\/product\/yoast-seo-wordpress\/ -->\n<title>Activit\u00e9s interieures -<\/title>\n<meta name=\"robots\" content=\"index, follow, max-snippet:-1, max-image-preview:large, max-video-preview:-1\" \/>\n<link rel=\"canonical\" href=\"https:\/\/locappartavoriaz.com\/index.php\/activites\/\" \/>\n<meta property=\"og:locale\" content=\"fr_FR\" \/>\n<meta property=\"og:type\" content=\"article\" \/>\n<meta property=\"og:title\" content=\"Activit\u00e9s interieures -\" \/>\n<meta property=\"og:description\" content=\"L\u2019AQUARIAZ : Paradis Aquatique \u00e0 AVORIAZ Conditions d\u2019acc\u00e8s : Shorts de bains autoris\u00e9s. Les enfants de moins de 12 ans doivent \u00eatre accompagn\u00e9s d\u2019un adulte (18 ans). Imaginez-vous un instant, entre cascades, rochers et jungle tropicale\u2026\u00e0 1800 m\u00e8tres d\u2019altitude! Sous &hellip; Lire la suite\u00ad\u00ad\" \/>\n<meta property=\"og:url\" content=\"https:\/\/locappartavoriaz.com\/index.php\/activites\/\" \/>\n<meta property=\"article:publisher\" content=\"https:\/\/www.facebook.com\/profile.php?id=100016065439269\" \/>\n<meta property=\"article:modified_time\" content=\"2024-10-20T14:22:36+00:00\" \/>\n<meta name=\"twitter:card\" content=\"summary_large_image\" \/>\n<meta name=\"twitter:label1\" content=\"Dur\u00e9e de lecture estim\u00e9e\" \/>\n\t<meta name=\"twitter:data1\" content=\"1 minute\" \/>\n<script type=\"application\/ld+json\" class=\"yoast-schema-graph\">{\"@context\":\"https:\/\/schema.org\",\"@graph\":[{\"@type\":\"WebPage\",\"@id\":\"https:\/\/locappartavoriaz.com\/index.php\/activites\/\",\"url\":\"https:\/\/locappartavoriaz.com\/index.php\/activites\/\",\"name\":\"Activit\u00e9s interieures -\",\"isPartOf\":{\"@id\":\"https:\/\/locappartavoriaz.com\/#website\"},\"datePublished\":\"2017-10-01T15:15:12+00:00\",\"dateModified\":\"2024-10-20T14:22:36+00:00\",\"breadcrumb\":{\"@id\":\"https:\/\/locappartavoriaz.com\/index.php\/activites\/#breadcrumb\"},\"inLanguage\":\"fr-FR\",\"potentialAction\":[{\"@type\":\"ReadAction\",\"target\":[\"https:\/\/locappartavoriaz.com\/index.php\/activites\/\"]}]},{\"@type\":\"BreadcrumbList\",\"@id\":\"https:\/\/locappartavoriaz.com\/index.php\/activites\/#breadcrumb\",\"itemListElement\":[{\"@type\":\"ListItem\",\"position\":1,\"name\":\"Accueil\",\"item\":\"https:\/\/locappartavoriaz.com\/\"},{\"@type\":\"ListItem\",\"position\":2,\"name\":\"Activit\u00e9s interieures\"}]},{\"@type\":\"WebSite\",\"@id\":\"https:\/\/locappartavoriaz.com\/#website\",\"url\":\"https:\/\/locappartavoriaz.com\/\",\"name\":\"locappartavoriaz.com\",\"description\":\"Un site utilisant WordPress\",\"publisher\":{\"@id\":\"https:\/\/locappartavoriaz.com\/#organization\"},\"potentialAction\":[{\"@type\":\"SearchAction\",\"target\":{\"@type\":\"EntryPoint\",\"urlTemplate\":\"https:\/\/locappartavoriaz.com\/?s={search_term_string}\"},\"query-input\":{\"@type\":\"PropertyValueSpecification\",\"valueRequired\":true,\"valueName\":\"search_term_string\"}}],\"inLanguage\":\"fr-FR\"},{\"@type\":\"Organization\",\"@id\":\"https:\/\/locappartavoriaz.com\/#organization\",\"name\":\"loc appart avoriaz\",\"url\":\"https:\/\/locappartavoriaz.com\/\",\"logo\":{\"@type\":\"ImageObject\",\"inLanguage\":\"fr-FR\",\"@id\":\"https:\/\/locappartavoriaz.com\/#\/schema\/logo\/image\/\",\"url\":\"https:\/\/locappartavoriaz.com\/wp-content\/uploads\/2024\/09\/logo.jpg\",\"contentUrl\":\"https:\/\/locappartavoriaz.com\/wp-content\/uploads\/2024\/09\/logo.jpg\",\"width\":698,\"height\":395,\"caption\":\"loc appart avoriaz\"},\"image\":{\"@id\":\"https:\/\/locappartavoriaz.com\/#\/schema\/logo\/image\/\"},\"sameAs\":[\"https:\/\/www.facebook.com\/profile.php?id=100016065439269\"]}]}<\/script>\n<!-- \/ Yoast SEO plugin. -->","yoast_head_json":{"title":"Activit\u00e9s interieures -","robots":{"index":"index","follow":"follow","max-snippet":"max-snippet:-1","max-image-preview":"max-image-preview:large","max-video-preview":"max-video-preview:-1"},"canonical":"https:\/\/locappartavoriaz.com\/index.php\/activites\/","og_locale":"fr_FR","og_type":"article","og_title":"Activit\u00e9s interieures -","og_description":"L\u2019AQUARIAZ : Paradis Aquatique \u00e0 AVORIAZ Conditions d\u2019acc\u00e8s : Shorts de bains autoris\u00e9s. Les enfants de moins de 12 ans doivent \u00eatre accompagn\u00e9s d\u2019un adulte (18 ans). Imaginez-vous un instant, entre cascades, rochers et jungle tropicale\u2026\u00e0 1800 m\u00e8tres d\u2019altitude! Sous &hellip; Lire la suite\u00ad\u00ad","og_url":"https:\/\/locappartavoriaz.com\/index.php\/activites\/","article_publisher":"https:\/\/www.facebook.com\/profile.php?id=100016065439269","article_modified_time":"2024-10-20T14:22:36+00:00","twitter_card":"summary_large_image","twitter_misc":{"Dur\u00e9e de lecture estim\u00e9e":"1 minute"},"schema":{"@context":"https:\/\/schema.org","@graph":[{"@type":"WebPage","@id":"https:\/\/locappartavoriaz.com\/index.php\/activites\/","url":"https:\/\/locappartavoriaz.com\/index.php\/activites\/","name":"Activit\u00e9s interieures -","isPartOf":{"@id":"https:\/\/locappartavoriaz.com\/#website"},"datePublished":"2017-10-01T15:15:12+00:00","dateModified":"2024-10-20T14:22:36+00:00","breadcrumb":{"@id":"https:\/\/locappartavoriaz.com\/index.php\/activites\/#breadcrumb"},"inLanguage":"fr-FR","potentialAction":[{"@type":"ReadAction","target":["https:\/\/locappartavoriaz.com\/index.php\/activites\/"]}]},{"@type":"BreadcrumbList","@id":"https:\/\/locappartavoriaz.com\/index.php\/activites\/#breadcrumb","itemListElement":[{"@type":"ListItem","position":1,"name":"Accueil","item":"https:\/\/locappartavoriaz.com\/"},{"@type":"ListItem","position":2,"name":"Activit\u00e9s interieures"}]},{"@type":"WebSite","@id":"https:\/\/locappartavoriaz.com\/#website","url":"https:\/\/locappartavoriaz.com\/","name":"locappartavoriaz.com","description":"Un site utilisant WordPress","publisher":{"@id":"https:\/\/locappartavoriaz.com\/#organization"},"potentialAction":[{"@type":"SearchAction","target":{"@type":"EntryPoint","urlTemplate":"https:\/\/locappartavoriaz.com\/?s={search_term_string}"},"query-input":{"@type":"PropertyValueSpecification","valueRequired":true,"valueName":"search_term_string"}}],"inLanguage":"fr-FR"},{"@type":"Organization","@id":"https:\/\/locappartavoriaz.com\/#organization","name":"loc appart avoriaz","url":"https:\/\/locappartavoriaz.com\/","logo":{"@type":"ImageObject","inLanguage":"fr-FR","@id":"https:\/\/locappartavoriaz.com\/#\/schema\/logo\/image\/","url":"https:\/\/locappartavoriaz.com\/wp-content\/uploads\/2024\/09\/logo.jpg","contentUrl":"https:\/\/locappartavoriaz.com\/wp-content\/uploads\/2024\/09\/logo.jpg","width":698,"height":395,"caption":"loc appart avoriaz"},"image":{"@id":"https:\/\/locappartavoriaz.com\/#\/schema\/logo\/image\/"},"sameAs":["https:\/\/www.facebook.com\/profile.php?id=100016065439269"]}]}},"_links":{"self":[{"href":"https:\/\/locappartavoriaz.com\/index.php\/wp-json\/wp\/v2\/pages\/914","targetHints":{"allow":["GET"]}}],"collection":[{"href":"https:\/\/locappartavoriaz.com\/index.php\/wp-json\/wp\/v2\/pages"}],"about":[{"href":"https:\/\/locappartavoriaz.com\/index.php\/wp-json\/wp\/v2\/types\/page"}],"author":[{"embeddable":true,"href":"https:\/\/locappartavoriaz.com\/index.php\/wp-json\/wp\/v2\/users\/1"}],"replies":[{"embeddable":true,"href":"https:\/\/locappartavoriaz.com\/index.php\/wp-json\/wp\/v2\/comments?post=914"}],"version-history":[{"count":141,"href":"https:\/\/locappartavoriaz.com\/index.php\/wp-json\/wp\/v2\/pages\/914\/revisions"}],"predecessor-version":[{"id":2260,"href":"https:\/\/locappartavoriaz.com\/index.php\/wp-json\/wp\/v2\/pages\/914\/revisions\/2260"}],"wp:attachment":[{"href":"https:\/\/locappartavoriaz.com\/index.php\/wp-json\/wp\/v2\/media?parent=914"}],"curies":[{"name":"wp","href":"https:\/\/api.w.org\/{rel}","templated":true}]}}