{"id":908,"date":"2017-10-01T14:51:26","date_gmt":"2017-10-01T12:51:26","guid":{"rendered":"https:\/\/locappartavoriaz.com\/?page_id=908"},"modified":"2017-10-01T14:51:26","modified_gmt":"2017-10-01T12:51:26","slug":"comment-venir-en-avion","status":"publish","type":"page","link":"https:\/\/locappartavoriaz.com\/index.php\/comment-venir-en-avion\/","title":{"rendered":"Comment venir en avion ?"},"content":{"rendered":"<h5 class=\"entry-title_para ttu ff_light\"><span style=\"color: #0000ff;\"><strong>A\u00e9roport le plus proche<\/strong><\/span><\/h5>\n<p>A\u00e9roport international de Gen\u00e8ve Cointrin (80 km) : 00 41 22 717 71 11<\/p>\n<p>&nbsp;<\/p>\n<h5 class=\"entry-title_para ttu ff_light\"><span style=\"color: #0000ff;\"><strong>Rejoindre la station \u00e0 partir de L\u2019a\u00e9roport<\/strong><\/span><\/h5>\n<p>Pour des demandes de disponibilit\u00e9s, ou pour r\u00e9server des billets de transport, contactez votre agent de voyages habituel.<br \/>\nPour les trajets A\u00e9roport-station en bus, r\u00e9servations :<\/p>\n<a href=\"http:\/\/www.altibus.com\" class=\"btn button btn-shortcode kad-btn kad-btn-primary\" id=\"kadbtn372\" target=\"_blank\" style=\"background-color:#0000FF;color:#FFF;\">Cliquer ici pour acc\u00e9der sur le site web d'ALTIBUS<\/a>\n<p>&nbsp;<\/p>\n<h5><span style=\"color: #0000ff;\"><strong>Transferts depuis l\u2019a\u00e9roport :<\/strong><\/span><\/h5>\n<ul>\n<li><a href=\"http:\/\/www.skiidygonzales.com\/?l=fr\" target=\"_blank\" rel=\"noopener noreferrer\"><span style=\"color: #0000ff;\">Skiidy Gonzales<\/span><\/a><\/li>\n<li><a href=\"http:\/\/www.supershuttle.fr\/Geneve\" target=\"_blank\" rel=\"noopener noreferrer\"><span style=\"color: #0000ff;\">Supershuttle<\/span><\/a><\/li>\n<\/ul>\n<p>Bureau \u00ab\u00a0Accueil France\u00a0\u00bb \u00e0 l\u2019a\u00e9roport international de Gen\u00e8ve Cointrin : +41 22 798 20 00.<\/p>\n<a href=\"https:\/\/www.gva.ch\/fr\/desktopdefault.aspx\" class=\"btn button btn-shortcode kad-btn kad-btn-primary\" id=\"kadbtn15\" target=\"_blank\" style=\"background-color:#0000FF;color:#FFF;\">Cliquer ici pour acc\u00e9der sur le site web de l'a\u00e9roport de Gen\u00e8ve Cointrin <\/a>\n<p>&nbsp;<\/p>\n<p>&nbsp;<\/p>\n","protected":false},"excerpt":{"rendered":"<p>A\u00e9roport le plus proche A\u00e9roport international de Gen\u00e8ve Cointrin (80 km) : 00 41 22 717 71 11 &nbsp; Rejoindre la station \u00e0 partir de L\u2019a\u00e9roport Pour des demandes de disponibilit\u00e9s, ou pour r\u00e9server des billets de transport, contactez votre &hellip; <a href=\"https:\/\/locappartavoriaz.com\/index.php\/comment-venir-en-avion\/\">Lire la suite\u00ad\u00ad<\/a><\/p>\n","protected":false},"author":1,"featured_media":0,"parent":0,"menu_order":0,"comment_status":"closed","ping_status":"closed","template":"","meta":{"kt_blocks_editor_width":"","two_page_speed":[],"footnotes":""},"class_list":["post-908","page","type-page","status-publish","hentry"],"yoast_head":"<!-- This site is optimized with the Yoast SEO plugin v27.1.1 - https:\/\/yoast.com\/product\/yoast-seo-wordpress\/ -->\n<title>Comment venir en avion ? -<\/title>\n<meta name=\"robots\" content=\"index, follow, max-snippet:-1, max-image-preview:large, max-video-preview:-1\" \/>\n<link rel=\"canonical\" href=\"https:\/\/locappartavoriaz.com\/index.php\/comment-venir-en-avion\/\" \/>\n<meta property=\"og:locale\" content=\"fr_FR\" \/>\n<meta property=\"og:type\" content=\"article\" \/>\n<meta property=\"og:title\" content=\"Comment venir en avion ? -\" \/>\n<meta property=\"og:description\" content=\"A\u00e9roport le plus proche A\u00e9roport international de Gen\u00e8ve Cointrin (80 km) : 00 41 22 717 71 11 &nbsp; Rejoindre la station \u00e0 partir de L\u2019a\u00e9roport Pour des demandes de disponibilit\u00e9s, ou pour r\u00e9server des billets de transport, contactez votre &hellip; Lire la suite\u00ad\u00ad\" \/>\n<meta property=\"og:url\" content=\"https:\/\/locappartavoriaz.com\/index.php\/comment-venir-en-avion\/\" \/>\n<meta property=\"article:publisher\" content=\"https:\/\/www.facebook.com\/profile.php?id=100016065439269\" \/>\n<meta name=\"twitter:card\" content=\"summary_large_image\" \/>\n<meta name=\"twitter:label1\" content=\"Dur\u00e9e de lecture estim\u00e9e\" \/>\n\t<meta name=\"twitter:data1\" content=\"1 minute\" \/>\n<script type=\"application\/ld+json\" class=\"yoast-schema-graph\">{\"@context\":\"https:\/\/schema.org\",\"@graph\":[{\"@type\":\"WebPage\",\"@id\":\"https:\/\/locappartavoriaz.com\/index.php\/comment-venir-en-avion\/\",\"url\":\"https:\/\/locappartavoriaz.com\/index.php\/comment-venir-en-avion\/\",\"name\":\"Comment venir en avion ? -\",\"isPartOf\":{\"@id\":\"https:\/\/locappartavoriaz.com\/#website\"},\"datePublished\":\"2017-10-01T12:51:26+00:00\",\"breadcrumb\":{\"@id\":\"https:\/\/locappartavoriaz.com\/index.php\/comment-venir-en-avion\/#breadcrumb\"},\"inLanguage\":\"fr-FR\",\"potentialAction\":[{\"@type\":\"ReadAction\",\"target\":[\"https:\/\/locappartavoriaz.com\/index.php\/comment-venir-en-avion\/\"]}]},{\"@type\":\"BreadcrumbList\",\"@id\":\"https:\/\/locappartavoriaz.com\/index.php\/comment-venir-en-avion\/#breadcrumb\",\"itemListElement\":[{\"@type\":\"ListItem\",\"position\":1,\"name\":\"Accueil\",\"item\":\"https:\/\/locappartavoriaz.com\/\"},{\"@type\":\"ListItem\",\"position\":2,\"name\":\"Comment venir en avion ?\"}]},{\"@type\":\"WebSite\",\"@id\":\"https:\/\/locappartavoriaz.com\/#website\",\"url\":\"https:\/\/locappartavoriaz.com\/\",\"name\":\"locappartavoriaz.com\",\"description\":\"Un site utilisant WordPress\",\"publisher\":{\"@id\":\"https:\/\/locappartavoriaz.com\/#organization\"},\"potentialAction\":[{\"@type\":\"SearchAction\",\"target\":{\"@type\":\"EntryPoint\",\"urlTemplate\":\"https:\/\/locappartavoriaz.com\/?s={search_term_string}\"},\"query-input\":{\"@type\":\"PropertyValueSpecification\",\"valueRequired\":true,\"valueName\":\"search_term_string\"}}],\"inLanguage\":\"fr-FR\"},{\"@type\":\"Organization\",\"@id\":\"https:\/\/locappartavoriaz.com\/#organization\",\"name\":\"loc appart avoriaz\",\"url\":\"https:\/\/locappartavoriaz.com\/\",\"logo\":{\"@type\":\"ImageObject\",\"inLanguage\":\"fr-FR\",\"@id\":\"https:\/\/locappartavoriaz.com\/#\/schema\/logo\/image\/\",\"url\":\"https:\/\/locappartavoriaz.com\/wp-content\/uploads\/2024\/09\/logo.jpg\",\"contentUrl\":\"https:\/\/locappartavoriaz.com\/wp-content\/uploads\/2024\/09\/logo.jpg\",\"width\":698,\"height\":395,\"caption\":\"loc appart avoriaz\"},\"image\":{\"@id\":\"https:\/\/locappartavoriaz.com\/#\/schema\/logo\/image\/\"},\"sameAs\":[\"https:\/\/www.facebook.com\/profile.php?id=100016065439269\"]}]}<\/script>\n<!-- \/ Yoast SEO plugin. -->","yoast_head_json":{"title":"Comment venir en avion ? -","robots":{"index":"index","follow":"follow","max-snippet":"max-snippet:-1","max-image-preview":"max-image-preview:large","max-video-preview":"max-video-preview:-1"},"canonical":"https:\/\/locappartavoriaz.com\/index.php\/comment-venir-en-avion\/","og_locale":"fr_FR","og_type":"article","og_title":"Comment venir en avion ? -","og_description":"A\u00e9roport le plus proche A\u00e9roport international de Gen\u00e8ve Cointrin (80 km) : 00 41 22 717 71 11 &nbsp; Rejoindre la station \u00e0 partir de L\u2019a\u00e9roport Pour des demandes de disponibilit\u00e9s, ou pour r\u00e9server des billets de transport, contactez votre &hellip; Lire la suite\u00ad\u00ad","og_url":"https:\/\/locappartavoriaz.com\/index.php\/comment-venir-en-avion\/","article_publisher":"https:\/\/www.facebook.com\/profile.php?id=100016065439269","twitter_card":"summary_large_image","twitter_misc":{"Dur\u00e9e de lecture estim\u00e9e":"1 minute"},"schema":{"@context":"https:\/\/schema.org","@graph":[{"@type":"WebPage","@id":"https:\/\/locappartavoriaz.com\/index.php\/comment-venir-en-avion\/","url":"https:\/\/locappartavoriaz.com\/index.php\/comment-venir-en-avion\/","name":"Comment venir en avion ? -","isPartOf":{"@id":"https:\/\/locappartavoriaz.com\/#website"},"datePublished":"2017-10-01T12:51:26+00:00","breadcrumb":{"@id":"https:\/\/locappartavoriaz.com\/index.php\/comment-venir-en-avion\/#breadcrumb"},"inLanguage":"fr-FR","potentialAction":[{"@type":"ReadAction","target":["https:\/\/locappartavoriaz.com\/index.php\/comment-venir-en-avion\/"]}]},{"@type":"BreadcrumbList","@id":"https:\/\/locappartavoriaz.com\/index.php\/comment-venir-en-avion\/#breadcrumb","itemListElement":[{"@type":"ListItem","position":1,"name":"Accueil","item":"https:\/\/locappartavoriaz.com\/"},{"@type":"ListItem","position":2,"name":"Comment venir en avion ?"}]},{"@type":"WebSite","@id":"https:\/\/locappartavoriaz.com\/#website","url":"https:\/\/locappartavoriaz.com\/","name":"locappartavoriaz.com","description":"Un site utilisant WordPress","publisher":{"@id":"https:\/\/locappartavoriaz.com\/#organization"},"potentialAction":[{"@type":"SearchAction","target":{"@type":"EntryPoint","urlTemplate":"https:\/\/locappartavoriaz.com\/?s={search_term_string}"},"query-input":{"@type":"PropertyValueSpecification","valueRequired":true,"valueName":"search_term_string"}}],"inLanguage":"fr-FR"},{"@type":"Organization","@id":"https:\/\/locappartavoriaz.com\/#organization","name":"loc appart avoriaz","url":"https:\/\/locappartavoriaz.com\/","logo":{"@type":"ImageObject","inLanguage":"fr-FR","@id":"https:\/\/locappartavoriaz.com\/#\/schema\/logo\/image\/","url":"https:\/\/locappartavoriaz.com\/wp-content\/uploads\/2024\/09\/logo.jpg","contentUrl":"https:\/\/locappartavoriaz.com\/wp-content\/uploads\/2024\/09\/logo.jpg","width":698,"height":395,"caption":"loc appart avoriaz"},"image":{"@id":"https:\/\/locappartavoriaz.com\/#\/schema\/logo\/image\/"},"sameAs":["https:\/\/www.facebook.com\/profile.php?id=100016065439269"]}]}},"_links":{"self":[{"href":"https:\/\/locappartavoriaz.com\/index.php\/wp-json\/wp\/v2\/pages\/908","targetHints":{"allow":["GET"]}}],"collection":[{"href":"https:\/\/locappartavoriaz.com\/index.php\/wp-json\/wp\/v2\/pages"}],"about":[{"href":"https:\/\/locappartavoriaz.com\/index.php\/wp-json\/wp\/v2\/types\/page"}],"author":[{"embeddable":true,"href":"https:\/\/locappartavoriaz.com\/index.php\/wp-json\/wp\/v2\/users\/1"}],"replies":[{"embeddable":true,"href":"https:\/\/locappartavoriaz.com\/index.php\/wp-json\/wp\/v2\/comments?post=908"}],"version-history":[{"count":0,"href":"https:\/\/locappartavoriaz.com\/index.php\/wp-json\/wp\/v2\/pages\/908\/revisions"}],"wp:attachment":[{"href":"https:\/\/locappartavoriaz.com\/index.php\/wp-json\/wp\/v2\/media?parent=908"}],"curies":[{"name":"wp","href":"https:\/\/api.w.org\/{rel}","templated":true}]}}