{"id":850,"date":"2017-09-30T20:53:19","date_gmt":"2017-09-30T18:53:19","guid":{"rendered":"https:\/\/locappartavoriaz.com\/?page_id=850"},"modified":"2024-09-09T14:49:38","modified_gmt":"2024-09-09T12:49:38","slug":"parking-transport-a-avoriaz","status":"publish","type":"page","link":"https:\/\/locappartavoriaz.com\/index.php\/parking-transport-a-avoriaz\/","title":{"rendered":"Parkings &#038; transports \u00e0 Avoriaz"},"content":{"rendered":"\r\n<div class=\"kad-youtube-shortcode videofit\"  ><iframe loading=\"lazy\" width=\"600\" height=\"400\" src=\"\/\/www.youtube.com\/embed\/VssBThH_YBg?autoplay=0&amp;controls=1&amp;fs=1&amp;modestbranding=0&amp;theme=dark&amp;rel=0&amp;loop=0\" frameborder=\"0\" allowfullscreen=\"true\"><\/iframe><\/div>\r\n<p>&nbsp;<\/p>\r\n<p>&nbsp;<\/p>\r\n<p>&nbsp;<\/p>\r\n<p class=\"has-virtue-primary-color has-text-color has-medium-font-size\"><strong><em>PARKINGS AVORIAZ<\/em><\/strong><\/p>\r\n<figure id=\"attachment_2015\" class=\"thumbnail wp-caption aligncenter\" style=\"width: 712px\"><a href=\"https:\/\/www.avoriazparkings.com\" target=\"_blank\" rel=\"noopener\"><img loading=\"lazy\" decoding=\"async\" class=\"wp-image-2015\" src=\"https:\/\/locappartavoriaz.com\/wp-content\/uploads\/2024\/09\/PARKING-300x118.jpg\" alt=\"Parking Avoriaz (cliquer sur l'image pour acc\u00e9der au site des parkings)\" width=\"712\" height=\"280\" srcset=\"https:\/\/locappartavoriaz.com\/wp-content\/uploads\/2024\/09\/PARKING-300x118.jpg 300w, https:\/\/locappartavoriaz.com\/wp-content\/uploads\/2024\/09\/PARKING-600x236.jpg 600w, https:\/\/locappartavoriaz.com\/wp-content\/uploads\/2024\/09\/PARKING.jpg 695w\" sizes=\"auto, (max-width: 712px) 100vw, 712px\" \/><\/a><figcaption class=\"caption wp-caption-text\">Parking Avoriaz (cliquer sur l&rsquo;image pour acc\u00e9der au site des parkings)<\/figcaption><\/figure>\r\n\r\n\r\n\r\n<p class=\"has-virtue-primary-color has-text-color has-normal-font-size\">La station d&rsquo;Avoriaz \u00e0 la particularit\u00e9 d&rsquo;\u00eatre <strong>totalement pi\u00e9tonne<\/strong> ou \u00ab skis aux pieds \u00bb. Sans voiture, elle pr\u00e9serve l&rsquo;environnement et votre bien-\u00eatre.<\/p>\r\n\r\n\r\n\r\n<p class=\"has-virtue-primary-color has-text-color has-normal-font-size\">Des parkings sont \u00e0 votre disposition \u00e0 l\u2019entr\u00e9e de la station afin d\u2019y laisser votre voiture \u00e0 votre arriv\u00e9e. Des tra\u00eeneaux vous conduiront jusqu\u2019\u00e0 votre logement.<\/p>\r\n<p class=\"has-virtue-primary-color has-text-color has-normal-font-size\"><em><strong>Renseignements au : +33(0)4 50 74 07 76<\/strong> <\/em>\/ <a href=\"mailto:contact@avoriazparkings.com\">contact@avoriazparkings.com<\/a><\/p>\r\n<p>\r\n\r\n<\/p>\r\n\r\n\r\n<style>#kt-layout-id_d0e3f9-90 > .kt-row-column-wrap{align-content:start;}:where(#kt-layout-id_d0e3f9-90 > .kt-row-column-wrap) > .wp-block-kadence-column{justify-content:start;}#kt-layout-id_d0e3f9-90 > .kt-row-column-wrap{column-gap:var(--global-kb-gap-lg, 4rem);row-gap:var(--global-kb-gap-md, 2rem);padding-top:var( --global-kb-row-default-top, 25px );padding-bottom:var( --global-kb-row-default-bottom, 25px );padding-bottom:0px;padding-left:0px;padding-right:0px;grid-template-columns:repeat(2, minmax(0, 1fr));}#kt-layout-id_d0e3f9-90 > .kt-row-layout-overlay{opacity:0.30;}@media all and (max-width: 1024px){#kt-layout-id_d0e3f9-90 > .kt-row-column-wrap{grid-template-columns:repeat(2, minmax(0, 1fr));}}@media all and (max-width: 767px){#kt-layout-id_d0e3f9-90 > .kt-row-column-wrap{grid-template-columns:minmax(0, 1fr);}}<\/style>\r\n<div class=\"wp-block-kadence-rowlayout alignnone\">\r\n<div id=\"kt-layout-id_d0e3f9-90\" class=\"kt-row-layout-inner kt-layout-id_d0e3f9-90\">\r\n<div class=\"kt-row-column-wrap kt-has-2-columns kt-gutter-wider kt-v-gutter-default kt-row-valign-top kt-row-layout-equal kt-tab-layout-inherit kt-m-colapse-left-to-right kt-mobile-layout-row\"><style>.kadence-column_a7c4a8-54 > .kt-inside-inner-col{border-top-width:0px;border-right-width:0px;border-bottom-width:0px;border-left-width:0px;}.kadence-column_a7c4a8-54 > .kt-inside-inner-col,.kadence-column_a7c4a8-54 > .kt-inside-inner-col:before{border-top-left-radius:0px;border-top-right-radius:0px;border-bottom-right-radius:0px;border-bottom-left-radius:0px;}.kadence-column_a7c4a8-54 > .kt-inside-inner-col{column-gap:var(--global-kb-gap-sm, 1rem);}.kadence-column_a7c4a8-54 > .kt-inside-inner-col{flex-direction:column;}.kadence-column_a7c4a8-54 > .kt-inside-inner-col > .aligncenter{width:100%;}.kadence-column_a7c4a8-54 > .kt-inside-inner-col:before{opacity:0.3;}.kadence-column_a7c4a8-54{position:relative;}@media all and (max-width: 1024px){.kadence-column_a7c4a8-54 > .kt-inside-inner-col{flex-direction:column;justify-content:center;}}@media all and (max-width: 767px){.kadence-column_a7c4a8-54 > .kt-inside-inner-col{flex-direction:column;justify-content:center;}}<\/style>\r\n<p class=\"kt-inside-inner-col\"><\/p>\r\n<h5 class=\"wp-block-kadence-column inner-column-1 kadence-column_a7c4a8-54\"><em><strong>PARKING DECOUVERT<\/strong><\/em>\r\n\r\n\u00a0<\/h5>\r\n<h5 class=\"wp-block-kadence-column inner-column-1 kadence-column_a7c4a8-54\">Parking \u00e0 ciel ouvert de 600 places, \u00e0 800 m\u00e8tres de l\u2019entr\u00e9e de la station.\u00a0<strong><br \/>Tarifs\u00a0<strong>(susceptibles d&rsquo;avoir \u00e9volu\u00e9s)<\/strong><\/strong><br \/>\u2013 80 \u20ac la semaine (6 ou 7 jours)<br \/>\u2013 13,5 \u20ac par jour.<br \/><strong><br \/>Services<\/strong><br \/><strong>\u2013 Pr\u00e9sence d\u2019un caissier 24h\/24,<\/strong><br \/>\u2013 Pr\u00eat de pelles \u00e0 neige,<br \/><strong>\u2013 Pas de r\u00e9servations<\/strong><br \/><strong><br \/><\/strong><\/h5>\r\n\r\n\r\n<style>.kadence-column_073311-9e > .kt-inside-inner-col{border-top-width:0px;border-right-width:0px;border-bottom-width:0px;border-left-width:0px;}.kadence-column_073311-9e > .kt-inside-inner-col,.kadence-column_073311-9e > .kt-inside-inner-col:before{border-top-left-radius:0px;border-top-right-radius:0px;border-bottom-right-radius:0px;border-bottom-left-radius:0px;}.kadence-column_073311-9e > .kt-inside-inner-col{column-gap:var(--global-kb-gap-sm, 1rem);}.kadence-column_073311-9e > .kt-inside-inner-col{flex-direction:column;}.kadence-column_073311-9e > .kt-inside-inner-col > .aligncenter{width:100%;}.kadence-column_073311-9e > .kt-inside-inner-col:before{opacity:0.3;}.kadence-column_073311-9e{position:relative;}@media all and (max-width: 1024px){.kadence-column_073311-9e > .kt-inside-inner-col{flex-direction:column;justify-content:center;}}@media all and (max-width: 767px){.kadence-column_073311-9e > .kt-inside-inner-col{flex-direction:column;justify-content:center;}}<\/style>\r\n<div class=\"wp-block-kadence-column inner-column-2 kadence-column_073311-9e\">\r\n<div class=\"kt-inside-inner-col\">\r\n<p class=\"has-virtue-primary-color has-text-color has-medium-font-size\"><em><strong>3 PARKINGS COUVERTS pour un total de 1700 places<\/strong><\/em><\/p>\r\nGard\u00e9s 24h\/24<br \/>8 bornes de recharge pour v\u00e9hicules \u00e9lectriques.<\/div>\r\n<div class=\"kt-inside-inner-col\">1 seul permet l&rsquo;acc\u00e8s avec coffre de toit (parking plateau)<\/div>\r\n<div class=\"kt-inside-inner-col\">\r\n<p>&nbsp;<\/p>\r\n<p class=\"has-virtue-primary-color has-text-color has-normal-font-size\"><strong>Tarifs (susceptibles d&rsquo;avoir \u00e9volu\u00e9s)<\/strong><\/p>\r\n<p class=\"has-virtue-primary-color has-text-color has-normal-font-size\">\u2013 1 jour : 17\u20ac \/ Une semaine (6 \u00e0u 7 jours =&gt; 100\u20ac)<br \/>\u2013 Vous avez \u00e9galement la possibilit\u00e9 de stationner au le parking du t\u00e9l\u00e9ph\u00e9rique des \u00ab\u00a0Prodins\u00a0\u00bb (Morzine) qui a un acc\u00e8s direct en moins de 5mn par le t\u00e9l\u00e9cabine 3S en \u00e0 la station d\u00a0\u00bbAvoriaz.<\/p>\r\n<p>&nbsp;<\/p>\r\n<\/div>\r\n<\/div>\r\n<\/div>\r\n<\/div>\r\n<\/div>\r\n\r\n\r\n\r\n<p class=\"has-virtue-primary-color has-text-color has-normal-font-size\"><em><strong>TRANSPORTS INTERNES \u00c0 LA STATION<\/strong><\/em><\/p>\r\n<figure id=\"attachment_6\" class=\"thumbnail wp-caption aligncenter\" style=\"width: 577px\"><a href=\"https:\/\/www.avoriaz.com\/traineaux-et-chenillettes\" target=\"_blank\" rel=\"noopener\"><img loading=\"lazy\" decoding=\"async\" class=\"wp-image-6\" src=\"https:\/\/locappartavoriaz.com\/wp-content\/uploads\/2020\/08\/Carouselle-avoriaz-Pieton-300x175.jpg\" alt=\"\" width=\"577\" height=\"337\" srcset=\"https:\/\/locappartavoriaz.com\/wp-content\/uploads\/2020\/08\/Carouselle-avoriaz-Pieton-300x175.jpg 300w, https:\/\/locappartavoriaz.com\/wp-content\/uploads\/2020\/08\/Carouselle-avoriaz-Pieton-618x360.jpg 618w, https:\/\/locappartavoriaz.com\/wp-content\/uploads\/2020\/08\/Carouselle-avoriaz-Pieton-652x380.jpg 652w, https:\/\/locappartavoriaz.com\/wp-content\/uploads\/2020\/08\/Carouselle-avoriaz-Pieton.jpg 709w\" sizes=\"auto, (max-width: 577px) 100vw, 577px\" \/><\/a><figcaption class=\"caption wp-caption-text\">Traineaux Avoriaz (cliquer sur l&rsquo;image pour acc\u00e9der aux informations des traineaux et chenilles)<\/figcaption><\/figure>\r\n<p class=\"has-virtue-primary-color has-text-color has-normal-font-size\">A votre arriv\u00e9e en station un service de transports 7 jours sur 7 et 24h\/24 est \u00e0 votre disposition soit par tra\u00eeneau ou par navette chenill\u00e9e pour acc\u00e9der \u00e0 l immeuble le Vivace.<\/p>\r\n\r\n\r\n\r\n<p class=\"has-virtue-primary-color has-text-color has-normal-font-size\"><em><strong>INFORMATIONS : +33(0) 4 50 74 01 55<\/strong><\/em><\/p>\r\n\r\n\r\n\r\n<p class=\"has-virtue-primary-color has-text-color has-normal-font-size\"><strong>20 COCHERS EN TRAINEAUX<\/strong><br \/>De 8h \u00e0 20h<br \/><strong>Tarifs<\/strong>\u00a0indicatifs pour les tra\u00eeneaux :<\/p>\r\n\r\n\r\n\r\n<p class=\"has-virtue-primary-color has-text-color has-normal-font-size\">de 7 \u00e0 16\u20ac la course en journ\u00e9e selon la distance (supplement bagages 4\u20ac).<\/p>\r\n\r\n\r\n\r\n<p class=\"has-virtue-primary-color has-text-color has-medium-font-size\"><strong><em>NAVETTES DE NUIT<\/em><\/strong><\/p>\r\n<p class=\"has-virtue-primary-color has-text-color has-medium-font-size\">Service de navettes de nuit : 7 jours sur 7 de 20h \u00e0 8h<\/p>\r\n\r\n\r\n\r\n\r\n","protected":false},"excerpt":{"rendered":"<p>&nbsp; &nbsp; &nbsp; PARKINGS AVORIAZ La station d&rsquo;Avoriaz \u00e0 la particularit\u00e9 d&rsquo;\u00eatre totalement pi\u00e9tonne ou \u00ab skis aux pieds \u00bb. Sans voiture, elle pr\u00e9serve l&rsquo;environnement et votre bien-\u00eatre. Des parkings sont \u00e0 votre disposition \u00e0 l\u2019entr\u00e9e de la station afin &hellip; <a href=\"https:\/\/locappartavoriaz.com\/index.php\/parking-transport-a-avoriaz\/\">Lire la suite\u00ad\u00ad<\/a><\/p>\n","protected":false},"author":1,"featured_media":0,"parent":0,"menu_order":0,"comment_status":"closed","ping_status":"closed","template":"","meta":{"kt_blocks_editor_width":"","two_page_speed":[],"footnotes":""},"class_list":["post-850","page","type-page","status-publish","hentry"],"yoast_head":"<!-- This site is optimized with the Yoast SEO plugin v27.1.1 - https:\/\/yoast.com\/product\/yoast-seo-wordpress\/ -->\n<title>Parkings &amp; transports \u00e0 Avoriaz -<\/title>\n<meta name=\"robots\" content=\"index, follow, max-snippet:-1, max-image-preview:large, max-video-preview:-1\" \/>\n<link rel=\"canonical\" href=\"https:\/\/locappartavoriaz.com\/index.php\/parking-transport-a-avoriaz\/\" \/>\n<meta property=\"og:locale\" content=\"fr_FR\" \/>\n<meta property=\"og:type\" content=\"article\" \/>\n<meta property=\"og:title\" content=\"Parkings &amp; transports \u00e0 Avoriaz -\" \/>\n<meta property=\"og:description\" content=\"&nbsp; &nbsp; &nbsp; PARKINGS AVORIAZ La station d&rsquo;Avoriaz \u00e0 la particularit\u00e9 d&rsquo;\u00eatre totalement pi\u00e9tonne ou \u00ab skis aux pieds \u00bb. Sans voiture, elle pr\u00e9serve l&rsquo;environnement et votre bien-\u00eatre. Des parkings sont \u00e0 votre disposition \u00e0 l\u2019entr\u00e9e de la station afin &hellip; Lire la suite\u00ad\u00ad\" \/>\n<meta property=\"og:url\" content=\"https:\/\/locappartavoriaz.com\/index.php\/parking-transport-a-avoriaz\/\" \/>\n<meta property=\"article:publisher\" content=\"https:\/\/www.facebook.com\/profile.php?id=100016065439269\" \/>\n<meta property=\"article:modified_time\" content=\"2024-09-09T12:49:38+00:00\" \/>\n<meta property=\"og:image\" content=\"https:\/\/locappartavoriaz.com\/wp-content\/uploads\/2024\/09\/PARKING-300x118.jpg\" \/>\n<meta name=\"twitter:card\" content=\"summary_large_image\" \/>\n<meta name=\"twitter:label1\" content=\"Dur\u00e9e de lecture estim\u00e9e\" \/>\n\t<meta name=\"twitter:data1\" content=\"2 minutes\" \/>\n<script type=\"application\/ld+json\" class=\"yoast-schema-graph\">{\"@context\":\"https:\/\/schema.org\",\"@graph\":[{\"@type\":\"WebPage\",\"@id\":\"https:\/\/locappartavoriaz.com\/index.php\/parking-transport-a-avoriaz\/\",\"url\":\"https:\/\/locappartavoriaz.com\/index.php\/parking-transport-a-avoriaz\/\",\"name\":\"Parkings & transports \u00e0 Avoriaz -\",\"isPartOf\":{\"@id\":\"https:\/\/locappartavoriaz.com\/#website\"},\"primaryImageOfPage\":{\"@id\":\"https:\/\/locappartavoriaz.com\/index.php\/parking-transport-a-avoriaz\/#primaryimage\"},\"image\":{\"@id\":\"https:\/\/locappartavoriaz.com\/index.php\/parking-transport-a-avoriaz\/#primaryimage\"},\"thumbnailUrl\":\"https:\/\/locappartavoriaz.com\/wp-content\/uploads\/2024\/09\/PARKING-300x118.jpg\",\"datePublished\":\"2017-09-30T18:53:19+00:00\",\"dateModified\":\"2024-09-09T12:49:38+00:00\",\"breadcrumb\":{\"@id\":\"https:\/\/locappartavoriaz.com\/index.php\/parking-transport-a-avoriaz\/#breadcrumb\"},\"inLanguage\":\"fr-FR\",\"potentialAction\":[{\"@type\":\"ReadAction\",\"target\":[\"https:\/\/locappartavoriaz.com\/index.php\/parking-transport-a-avoriaz\/\"]}]},{\"@type\":\"ImageObject\",\"inLanguage\":\"fr-FR\",\"@id\":\"https:\/\/locappartavoriaz.com\/index.php\/parking-transport-a-avoriaz\/#primaryimage\",\"url\":\"https:\/\/locappartavoriaz.com\/wp-content\/uploads\/2024\/09\/PARKING.jpg\",\"contentUrl\":\"https:\/\/locappartavoriaz.com\/wp-content\/uploads\/2024\/09\/PARKING.jpg\",\"width\":695,\"height\":273},{\"@type\":\"BreadcrumbList\",\"@id\":\"https:\/\/locappartavoriaz.com\/index.php\/parking-transport-a-avoriaz\/#breadcrumb\",\"itemListElement\":[{\"@type\":\"ListItem\",\"position\":1,\"name\":\"Accueil\",\"item\":\"https:\/\/locappartavoriaz.com\/\"},{\"@type\":\"ListItem\",\"position\":2,\"name\":\"Parkings &#038; transports \u00e0 Avoriaz\"}]},{\"@type\":\"WebSite\",\"@id\":\"https:\/\/locappartavoriaz.com\/#website\",\"url\":\"https:\/\/locappartavoriaz.com\/\",\"name\":\"locappartavoriaz.com\",\"description\":\"Un site utilisant WordPress\",\"publisher\":{\"@id\":\"https:\/\/locappartavoriaz.com\/#organization\"},\"potentialAction\":[{\"@type\":\"SearchAction\",\"target\":{\"@type\":\"EntryPoint\",\"urlTemplate\":\"https:\/\/locappartavoriaz.com\/?s={search_term_string}\"},\"query-input\":{\"@type\":\"PropertyValueSpecification\",\"valueRequired\":true,\"valueName\":\"search_term_string\"}}],\"inLanguage\":\"fr-FR\"},{\"@type\":\"Organization\",\"@id\":\"https:\/\/locappartavoriaz.com\/#organization\",\"name\":\"loc appart avoriaz\",\"url\":\"https:\/\/locappartavoriaz.com\/\",\"logo\":{\"@type\":\"ImageObject\",\"inLanguage\":\"fr-FR\",\"@id\":\"https:\/\/locappartavoriaz.com\/#\/schema\/logo\/image\/\",\"url\":\"https:\/\/locappartavoriaz.com\/wp-content\/uploads\/2024\/09\/logo.jpg\",\"contentUrl\":\"https:\/\/locappartavoriaz.com\/wp-content\/uploads\/2024\/09\/logo.jpg\",\"width\":698,\"height\":395,\"caption\":\"loc appart avoriaz\"},\"image\":{\"@id\":\"https:\/\/locappartavoriaz.com\/#\/schema\/logo\/image\/\"},\"sameAs\":[\"https:\/\/www.facebook.com\/profile.php?id=100016065439269\"]}]}<\/script>\n<!-- \/ Yoast SEO plugin. -->","yoast_head_json":{"title":"Parkings & transports \u00e0 Avoriaz -","robots":{"index":"index","follow":"follow","max-snippet":"max-snippet:-1","max-image-preview":"max-image-preview:large","max-video-preview":"max-video-preview:-1"},"canonical":"https:\/\/locappartavoriaz.com\/index.php\/parking-transport-a-avoriaz\/","og_locale":"fr_FR","og_type":"article","og_title":"Parkings & transports \u00e0 Avoriaz -","og_description":"&nbsp; &nbsp; &nbsp; PARKINGS AVORIAZ La station d&rsquo;Avoriaz \u00e0 la particularit\u00e9 d&rsquo;\u00eatre totalement pi\u00e9tonne ou \u00ab skis aux pieds \u00bb. Sans voiture, elle pr\u00e9serve l&rsquo;environnement et votre bien-\u00eatre. Des parkings sont \u00e0 votre disposition \u00e0 l\u2019entr\u00e9e de la station afin &hellip; Lire la suite\u00ad\u00ad","og_url":"https:\/\/locappartavoriaz.com\/index.php\/parking-transport-a-avoriaz\/","article_publisher":"https:\/\/www.facebook.com\/profile.php?id=100016065439269","article_modified_time":"2024-09-09T12:49:38+00:00","og_image":[{"url":"https:\/\/locappartavoriaz.com\/wp-content\/uploads\/2024\/09\/PARKING-300x118.jpg","type":"","width":"","height":""}],"twitter_card":"summary_large_image","twitter_misc":{"Dur\u00e9e de lecture estim\u00e9e":"2 minutes"},"schema":{"@context":"https:\/\/schema.org","@graph":[{"@type":"WebPage","@id":"https:\/\/locappartavoriaz.com\/index.php\/parking-transport-a-avoriaz\/","url":"https:\/\/locappartavoriaz.com\/index.php\/parking-transport-a-avoriaz\/","name":"Parkings & transports \u00e0 Avoriaz -","isPartOf":{"@id":"https:\/\/locappartavoriaz.com\/#website"},"primaryImageOfPage":{"@id":"https:\/\/locappartavoriaz.com\/index.php\/parking-transport-a-avoriaz\/#primaryimage"},"image":{"@id":"https:\/\/locappartavoriaz.com\/index.php\/parking-transport-a-avoriaz\/#primaryimage"},"thumbnailUrl":"https:\/\/locappartavoriaz.com\/wp-content\/uploads\/2024\/09\/PARKING-300x118.jpg","datePublished":"2017-09-30T18:53:19+00:00","dateModified":"2024-09-09T12:49:38+00:00","breadcrumb":{"@id":"https:\/\/locappartavoriaz.com\/index.php\/parking-transport-a-avoriaz\/#breadcrumb"},"inLanguage":"fr-FR","potentialAction":[{"@type":"ReadAction","target":["https:\/\/locappartavoriaz.com\/index.php\/parking-transport-a-avoriaz\/"]}]},{"@type":"ImageObject","inLanguage":"fr-FR","@id":"https:\/\/locappartavoriaz.com\/index.php\/parking-transport-a-avoriaz\/#primaryimage","url":"https:\/\/locappartavoriaz.com\/wp-content\/uploads\/2024\/09\/PARKING.jpg","contentUrl":"https:\/\/locappartavoriaz.com\/wp-content\/uploads\/2024\/09\/PARKING.jpg","width":695,"height":273},{"@type":"BreadcrumbList","@id":"https:\/\/locappartavoriaz.com\/index.php\/parking-transport-a-avoriaz\/#breadcrumb","itemListElement":[{"@type":"ListItem","position":1,"name":"Accueil","item":"https:\/\/locappartavoriaz.com\/"},{"@type":"ListItem","position":2,"name":"Parkings &#038; transports \u00e0 Avoriaz"}]},{"@type":"WebSite","@id":"https:\/\/locappartavoriaz.com\/#website","url":"https:\/\/locappartavoriaz.com\/","name":"locappartavoriaz.com","description":"Un site utilisant WordPress","publisher":{"@id":"https:\/\/locappartavoriaz.com\/#organization"},"potentialAction":[{"@type":"SearchAction","target":{"@type":"EntryPoint","urlTemplate":"https:\/\/locappartavoriaz.com\/?s={search_term_string}"},"query-input":{"@type":"PropertyValueSpecification","valueRequired":true,"valueName":"search_term_string"}}],"inLanguage":"fr-FR"},{"@type":"Organization","@id":"https:\/\/locappartavoriaz.com\/#organization","name":"loc appart avoriaz","url":"https:\/\/locappartavoriaz.com\/","logo":{"@type":"ImageObject","inLanguage":"fr-FR","@id":"https:\/\/locappartavoriaz.com\/#\/schema\/logo\/image\/","url":"https:\/\/locappartavoriaz.com\/wp-content\/uploads\/2024\/09\/logo.jpg","contentUrl":"https:\/\/locappartavoriaz.com\/wp-content\/uploads\/2024\/09\/logo.jpg","width":698,"height":395,"caption":"loc appart avoriaz"},"image":{"@id":"https:\/\/locappartavoriaz.com\/#\/schema\/logo\/image\/"},"sameAs":["https:\/\/www.facebook.com\/profile.php?id=100016065439269"]}]}},"_links":{"self":[{"href":"https:\/\/locappartavoriaz.com\/index.php\/wp-json\/wp\/v2\/pages\/850","targetHints":{"allow":["GET"]}}],"collection":[{"href":"https:\/\/locappartavoriaz.com\/index.php\/wp-json\/wp\/v2\/pages"}],"about":[{"href":"https:\/\/locappartavoriaz.com\/index.php\/wp-json\/wp\/v2\/types\/page"}],"author":[{"embeddable":true,"href":"https:\/\/locappartavoriaz.com\/index.php\/wp-json\/wp\/v2\/users\/1"}],"replies":[{"embeddable":true,"href":"https:\/\/locappartavoriaz.com\/index.php\/wp-json\/wp\/v2\/comments?post=850"}],"version-history":[{"count":74,"href":"https:\/\/locappartavoriaz.com\/index.php\/wp-json\/wp\/v2\/pages\/850\/revisions"}],"predecessor-version":[{"id":2111,"href":"https:\/\/locappartavoriaz.com\/index.php\/wp-json\/wp\/v2\/pages\/850\/revisions\/2111"}],"wp:attachment":[{"href":"https:\/\/locappartavoriaz.com\/index.php\/wp-json\/wp\/v2\/media?parent=850"}],"curies":[{"name":"wp","href":"https:\/\/api.w.org\/{rel}","templated":true}]}}