{"id":615,"date":"2017-09-10T20:20:04","date_gmt":"2017-09-10T18:20:04","guid":{"rendered":"https:\/\/locappartavoriaz.com\/?page_id=615"},"modified":"2025-09-10T20:49:06","modified_gmt":"2025-09-10T18:49:06","slug":"page-daccueil","status":"publish","type":"page","link":"https:\/\/locappartavoriaz.com\/","title":{"rendered":"Avoriaz page d&rsquo;accueil"},"content":{"rendered":"\r\n<p>&nbsp;<\/p>\r\n\r\n\r\n\r\n<p class=\"has-text-align-center has-medium-font-size\"><strong>Le domaine d\u2019Avoriaz<\/strong> ouvrira du Vendredi 12 D\u00e9cembre 2025 au Dimanche 19 Avril 2026 (Selon l&rsquo;enneigement)<\/p>\r\n<p>&nbsp;<\/p>\r\n<h4 style=\"text-align: left;\"><span style=\"color: #000080;\"><strong>La station d Avoriaz, situ\u00e9e \u00e0 1800 m\u00e8tres<\/strong> d\u2019altitude entre le Mont Blanc et le lac L\u00e9man, est <strong>enti\u00e8rement pi\u00e9tonne<\/strong> et peut se pr\u00e9valoir d&rsquo;un <strong>enneigement remarquable<\/strong> chaque hiver.<\/span><\/h4>\r\n<ul>\r\n<li>\r\n<h4><span style=\"color: #000080;\">Elle est situ\u00e9e au centre des<strong> 12 stations\u00a0du domaine des Portes du Soleil<\/strong> qui offre <strong>600 kilom\u00e8tres de pistes<\/strong> sur 2 pays (France &#8211; Suisse ). Elle <\/span><span style=\"color: #000080;\"><strong>dispose de pistes adapt\u00e9es aux d\u00e9butants et enfants pour une progression au rythme de chacun.<\/strong><\/span><\/h4>\r\n<\/li>\r\n<li>\r\n<h4><span style=\"color: #000080;\">\u00a0<strong>Avoriaz poss\u00e8de le seul Stash d\u2019Europe, une piste de snowboard situ\u00e9e au coeur d&rsquo;un espace de neige vierge non dam\u00e9e, jalonn\u00e9e d\u2019\u00e9l\u00e9ments en bois 100% naturel, cach\u00e9s tout au long du parcours (souches et troncs d\u2019arbres \u00e0 franchir, toboggans en neige\u2026)<\/strong><\/span><\/h4>\r\n<\/li>\r\n<\/ul>\r\n<h4><span style=\"color: #000080;\">Elle s&rsquo;est dot\u00e9e d&rsquo;un <strong>complexe nautique<\/strong> exceptionnel pour toute la famille : <em><strong>L&rsquo;aquariaz.<\/strong><\/em><\/span><\/h4>\r\n<div class=\"kad-youtube-shortcode videofit\"  ><iframe loading=\"lazy\" width=\"600\" height=\"400\" src=\"\/\/www.youtube.com\/embed\/-XGYQ1Hu8HU?autoplay=0&amp;controls=1&amp;fs=1&amp;modestbranding=0&amp;theme=dark&amp;rel=0&amp;loop=0\" frameborder=\"0\" allowfullscreen=\"true\"><\/iframe><\/div>\r\n<ul>\r\n<li style=\"list-style-type: none;\">\r\n<ul>\r\n<li style=\"text-align: left;\">\r\n<h4><span style=\"color: #000080;\">Les pistes se situent sur 2 domaines skiables : les portes du soleil et le domaine d&rsquo;Avoriaz plus familiale (au coeur des Portes Du Soleil)<\/span><\/h4>\r\n<\/li>\r\n<li>\r\n<h4><span style=\"color: #000080;\"><strong>209<\/strong> remont\u00e9es m\u00e9caniques <strong>dont 35 sur le domaine d&rsquo;avoriaz<\/strong><\/span><\/h4>\r\n<\/li>\r\n<li>\r\n<h4><span style=\"color: #000080;\"><strong>30<\/strong> espaces am\u00e9nag\u00e9s <strong>(snowparks, snowcross, pistes ludiques&#8230;)<\/strong><\/span><\/h4>\r\n<\/li>\r\n<li>\r\n<h4><strong style=\"color: #000080;\">308 pistes<\/strong><span style=\"color: #000080; font-weight: 400;\"> : 33 noires \/ 105 rouges \/ 130 bleues \/ 39 vertes.<\/span><\/h4>\r\n<\/li>\r\n<li>\r\n<h4><span style=\"color: #000080;\">214 km de pistes de ski de fond<\/span><\/h4>\r\n<\/li>\r\n<li>\r\n<h4><span style=\"color: #000080;\"><strong>385 km<\/strong> de sentiers raquette <\/span><\/h4>\r\n<\/li>\r\n<li>\r\n<h4><span style=\"color: #000080;\">PS : Le forfait Portes Du Soleil donne acc\u00e8s \u00e0 l&rsquo;ensemble du domaine skiable. En rechanche le Forfait \u00ab\u00a0Avoriaz\u00a0\u00bb se limite au domaine d&rsquo;Avoriaz.<\/span><\/h4>\r\n<\/li>\r\n<\/ul>\r\n<\/li>\r\n<\/ul>\r\n<div class=\"wp-block-kadence-rowlayout alignnone\">\r\n<div id=\"kt-layout-id_1278b2-8b\" class=\"kt-row-layout-inner kt-layout-id_1278b2-8b\">\r\n<div class=\"kt-row-column-wrap kt-has-3-columns kt-gutter-default kt-v-gutter-default kt-row-valign-top kt-row-layout-equal kt-tab-layout-inherit kt-m-colapse-left-to-right kt-mobile-layout-row\">\r\n<div class=\"wp-block-kadence-column inner-column-2 kadence-column_a29fc9-be\">\r\n<div class=\"kt-inside-inner-col\">\u00a0<\/div>\r\n<\/div>\r\n<\/div>\r\n<\/div>\r\n<\/div>\r\n<div class=\"wp-block-image is-style-rounded\">\r\n<figure class=\"aligncenter size-large is-resized\"><a href=\"https:\/\/youtu.be\/SEGlv4mWif8\" target=\"_blank\" rel=\"noopener noreferrer\"><img loading=\"lazy\" decoding=\"async\" width=\"649\" height=\"409\" class=\"wp-image-1278\" style=\"width: 888px; height: 559px;\" src=\"https:\/\/locappartavoriaz.com\/wp-content\/uploads\/2020\/09\/stach.png\" alt=\"\" srcset=\"https:\/\/locappartavoriaz.com\/wp-content\/uploads\/2020\/09\/stach.png 649w, https:\/\/locappartavoriaz.com\/wp-content\/uploads\/2020\/09\/stach-300x189.png 300w, https:\/\/locappartavoriaz.com\/wp-content\/uploads\/2020\/09\/stach-80x50.png 80w\" sizes=\"auto, (max-width: 649px) 100vw, 649px\" \/><\/a><\/figure>\r\n<\/div>","protected":false},"excerpt":{"rendered":"<p>&nbsp;<\/p>\n","protected":false},"author":1,"featured_media":0,"parent":0,"menu_order":2,"comment_status":"closed","ping_status":"closed","template":"page-portfolio.php","meta":{"kt_blocks_editor_width":"","two_page_speed":null,"footnotes":""},"class_list":["post-615","page","type-page","status-publish","hentry"],"yoast_head":"<!-- This site is optimized with the Yoast SEO plugin v27.1.1 - https:\/\/yoast.com\/product\/yoast-seo-wordpress\/ -->\n<title>Avoriaz page d&#039;accueil -<\/title>\n<meta name=\"robots\" content=\"index, follow, max-snippet:-1, max-image-preview:large, max-video-preview:-1\" \/>\n<link rel=\"canonical\" href=\"https:\/\/locappartavoriaz.com\/\" \/>\n<meta property=\"og:locale\" content=\"fr_FR\" \/>\n<meta property=\"og:type\" content=\"article\" \/>\n<meta property=\"og:title\" content=\"Avoriaz page d&#039;accueil -\" \/>\n<meta property=\"og:description\" content=\"&nbsp;\" \/>\n<meta property=\"og:url\" content=\"https:\/\/locappartavoriaz.com\/\" \/>\n<meta property=\"article:publisher\" content=\"https:\/\/www.facebook.com\/profile.php?id=100016065439269\" \/>\n<meta property=\"article:modified_time\" content=\"2025-09-10T18:49:06+00:00\" \/>\n<meta property=\"og:image\" content=\"https:\/\/locappartavoriaz.com\/wp-content\/uploads\/2020\/09\/stach.png\" \/>\n\t<meta property=\"og:image:width\" content=\"649\" \/>\n\t<meta property=\"og:image:height\" content=\"409\" \/>\n\t<meta property=\"og:image:type\" content=\"image\/png\" \/>\n<meta name=\"twitter:card\" content=\"summary_large_image\" \/>\n<meta name=\"twitter:label1\" content=\"Dur\u00e9e de lecture estim\u00e9e\" \/>\n\t<meta name=\"twitter:data1\" content=\"2 minutes\" \/>\n<script type=\"application\/ld+json\" class=\"yoast-schema-graph\">{\"@context\":\"https:\/\/schema.org\",\"@graph\":[{\"@type\":\"WebPage\",\"@id\":\"https:\/\/locappartavoriaz.com\/\",\"url\":\"https:\/\/locappartavoriaz.com\/\",\"name\":\"Avoriaz page d'accueil -\",\"isPartOf\":{\"@id\":\"https:\/\/locappartavoriaz.com\/#website\"},\"primaryImageOfPage\":{\"@id\":\"https:\/\/locappartavoriaz.com\/#primaryimage\"},\"image\":{\"@id\":\"https:\/\/locappartavoriaz.com\/#primaryimage\"},\"thumbnailUrl\":\"https:\/\/locappartavoriaz.com\/wp-content\/uploads\/2020\/09\/stach.png\",\"datePublished\":\"2017-09-10T18:20:04+00:00\",\"dateModified\":\"2025-09-10T18:49:06+00:00\",\"breadcrumb\":{\"@id\":\"https:\/\/locappartavoriaz.com\/#breadcrumb\"},\"inLanguage\":\"fr-FR\",\"potentialAction\":[{\"@type\":\"ReadAction\",\"target\":[\"https:\/\/locappartavoriaz.com\/\"]}]},{\"@type\":\"ImageObject\",\"inLanguage\":\"fr-FR\",\"@id\":\"https:\/\/locappartavoriaz.com\/#primaryimage\",\"url\":\"https:\/\/locappartavoriaz.com\/wp-content\/uploads\/2020\/09\/stach.png\",\"contentUrl\":\"https:\/\/locappartavoriaz.com\/wp-content\/uploads\/2020\/09\/stach.png\",\"width\":649,\"height\":409},{\"@type\":\"BreadcrumbList\",\"@id\":\"https:\/\/locappartavoriaz.com\/#breadcrumb\",\"itemListElement\":[{\"@type\":\"ListItem\",\"position\":1,\"name\":\"Accueil\",\"item\":\"https:\/\/locappartavoriaz.com\/\"},{\"@type\":\"ListItem\",\"position\":2,\"name\":\"Avoriaz page d&rsquo;accueil\"}]},{\"@type\":\"WebSite\",\"@id\":\"https:\/\/locappartavoriaz.com\/#website\",\"url\":\"https:\/\/locappartavoriaz.com\/\",\"name\":\"locappartavoriaz.com\",\"description\":\"Un site utilisant WordPress\",\"publisher\":{\"@id\":\"https:\/\/locappartavoriaz.com\/#organization\"},\"potentialAction\":[{\"@type\":\"SearchAction\",\"target\":{\"@type\":\"EntryPoint\",\"urlTemplate\":\"https:\/\/locappartavoriaz.com\/?s={search_term_string}\"},\"query-input\":{\"@type\":\"PropertyValueSpecification\",\"valueRequired\":true,\"valueName\":\"search_term_string\"}}],\"inLanguage\":\"fr-FR\"},{\"@type\":\"Organization\",\"@id\":\"https:\/\/locappartavoriaz.com\/#organization\",\"name\":\"loc appart avoriaz\",\"url\":\"https:\/\/locappartavoriaz.com\/\",\"logo\":{\"@type\":\"ImageObject\",\"inLanguage\":\"fr-FR\",\"@id\":\"https:\/\/locappartavoriaz.com\/#\/schema\/logo\/image\/\",\"url\":\"https:\/\/locappartavoriaz.com\/wp-content\/uploads\/2024\/09\/logo.jpg\",\"contentUrl\":\"https:\/\/locappartavoriaz.com\/wp-content\/uploads\/2024\/09\/logo.jpg\",\"width\":698,\"height\":395,\"caption\":\"loc appart avoriaz\"},\"image\":{\"@id\":\"https:\/\/locappartavoriaz.com\/#\/schema\/logo\/image\/\"},\"sameAs\":[\"https:\/\/www.facebook.com\/profile.php?id=100016065439269\"]}]}<\/script>\n<!-- \/ Yoast SEO plugin. -->","yoast_head_json":{"title":"Avoriaz page d'accueil -","robots":{"index":"index","follow":"follow","max-snippet":"max-snippet:-1","max-image-preview":"max-image-preview:large","max-video-preview":"max-video-preview:-1"},"canonical":"https:\/\/locappartavoriaz.com\/","og_locale":"fr_FR","og_type":"article","og_title":"Avoriaz page d'accueil -","og_description":"&nbsp;","og_url":"https:\/\/locappartavoriaz.com\/","article_publisher":"https:\/\/www.facebook.com\/profile.php?id=100016065439269","article_modified_time":"2025-09-10T18:49:06+00:00","og_image":[{"width":649,"height":409,"url":"https:\/\/locappartavoriaz.com\/wp-content\/uploads\/2020\/09\/stach.png","type":"image\/png"}],"twitter_card":"summary_large_image","twitter_misc":{"Dur\u00e9e de lecture estim\u00e9e":"2 minutes"},"schema":{"@context":"https:\/\/schema.org","@graph":[{"@type":"WebPage","@id":"https:\/\/locappartavoriaz.com\/","url":"https:\/\/locappartavoriaz.com\/","name":"Avoriaz page d'accueil -","isPartOf":{"@id":"https:\/\/locappartavoriaz.com\/#website"},"primaryImageOfPage":{"@id":"https:\/\/locappartavoriaz.com\/#primaryimage"},"image":{"@id":"https:\/\/locappartavoriaz.com\/#primaryimage"},"thumbnailUrl":"https:\/\/locappartavoriaz.com\/wp-content\/uploads\/2020\/09\/stach.png","datePublished":"2017-09-10T18:20:04+00:00","dateModified":"2025-09-10T18:49:06+00:00","breadcrumb":{"@id":"https:\/\/locappartavoriaz.com\/#breadcrumb"},"inLanguage":"fr-FR","potentialAction":[{"@type":"ReadAction","target":["https:\/\/locappartavoriaz.com\/"]}]},{"@type":"ImageObject","inLanguage":"fr-FR","@id":"https:\/\/locappartavoriaz.com\/#primaryimage","url":"https:\/\/locappartavoriaz.com\/wp-content\/uploads\/2020\/09\/stach.png","contentUrl":"https:\/\/locappartavoriaz.com\/wp-content\/uploads\/2020\/09\/stach.png","width":649,"height":409},{"@type":"BreadcrumbList","@id":"https:\/\/locappartavoriaz.com\/#breadcrumb","itemListElement":[{"@type":"ListItem","position":1,"name":"Accueil","item":"https:\/\/locappartavoriaz.com\/"},{"@type":"ListItem","position":2,"name":"Avoriaz page d&rsquo;accueil"}]},{"@type":"WebSite","@id":"https:\/\/locappartavoriaz.com\/#website","url":"https:\/\/locappartavoriaz.com\/","name":"locappartavoriaz.com","description":"Un site utilisant WordPress","publisher":{"@id":"https:\/\/locappartavoriaz.com\/#organization"},"potentialAction":[{"@type":"SearchAction","target":{"@type":"EntryPoint","urlTemplate":"https:\/\/locappartavoriaz.com\/?s={search_term_string}"},"query-input":{"@type":"PropertyValueSpecification","valueRequired":true,"valueName":"search_term_string"}}],"inLanguage":"fr-FR"},{"@type":"Organization","@id":"https:\/\/locappartavoriaz.com\/#organization","name":"loc appart avoriaz","url":"https:\/\/locappartavoriaz.com\/","logo":{"@type":"ImageObject","inLanguage":"fr-FR","@id":"https:\/\/locappartavoriaz.com\/#\/schema\/logo\/image\/","url":"https:\/\/locappartavoriaz.com\/wp-content\/uploads\/2024\/09\/logo.jpg","contentUrl":"https:\/\/locappartavoriaz.com\/wp-content\/uploads\/2024\/09\/logo.jpg","width":698,"height":395,"caption":"loc appart avoriaz"},"image":{"@id":"https:\/\/locappartavoriaz.com\/#\/schema\/logo\/image\/"},"sameAs":["https:\/\/www.facebook.com\/profile.php?id=100016065439269"]}]}},"_links":{"self":[{"href":"https:\/\/locappartavoriaz.com\/index.php\/wp-json\/wp\/v2\/pages\/615","targetHints":{"allow":["GET"]}}],"collection":[{"href":"https:\/\/locappartavoriaz.com\/index.php\/wp-json\/wp\/v2\/pages"}],"about":[{"href":"https:\/\/locappartavoriaz.com\/index.php\/wp-json\/wp\/v2\/types\/page"}],"author":[{"embeddable":true,"href":"https:\/\/locappartavoriaz.com\/index.php\/wp-json\/wp\/v2\/users\/1"}],"replies":[{"embeddable":true,"href":"https:\/\/locappartavoriaz.com\/index.php\/wp-json\/wp\/v2\/comments?post=615"}],"version-history":[{"count":86,"href":"https:\/\/locappartavoriaz.com\/index.php\/wp-json\/wp\/v2\/pages\/615\/revisions"}],"predecessor-version":[{"id":2285,"href":"https:\/\/locappartavoriaz.com\/index.php\/wp-json\/wp\/v2\/pages\/615\/revisions\/2285"}],"wp:attachment":[{"href":"https:\/\/locappartavoriaz.com\/index.php\/wp-json\/wp\/v2\/media?parent=615"}],"curies":[{"name":"wp","href":"https:\/\/api.w.org\/{rel}","templated":true}]}}