{"id":425,"date":"2017-08-30T23:20:42","date_gmt":"2017-08-30T21:20:42","guid":{"rendered":"https:\/\/locappartavoriaz.com\/?page_id=425"},"modified":"2020-09-09T20:15:48","modified_gmt":"2020-09-09T18:15:48","slug":"location-ski","status":"publish","type":"page","link":"https:\/\/locappartavoriaz.com\/index.php\/location-ski\/","title":{"rendered":"Ne pensez qu&rsquo;\u00e0 vos vacances, Ils s&rsquo;occupent de votre \u00e9quipement !!"},"content":{"rendered":"\n<figure class=\"wp-block-image size-large is-resized\"><img loading=\"lazy\" decoding=\"async\" src=\"https:\/\/locappartavoriaz.com\/wp-content\/uploads\/2020\/09\/Antoine-ski-new-1.png\" alt=\"\" class=\"wp-image-1184\" width=\"659\" height=\"462\"\/><\/figure>\n\n\n<h4>Antoine Ski \u00e0 Avoriaz, un espace d\u00e9di\u00e9 \u00e0 la montagne, une \u00e9quipe de pro \u00e0 votre \u00e9coute.<\/h4>\n<p><img loading=\"lazy\" decoding=\"async\" class=\" wp-image-1060 alignright\" src=\"https:\/\/locappartavoriaz.com\/wp-content\/uploads\/2017\/08\/Antoine-ski-enseigne-300x202.jpg\" alt=\"\" width=\"407\" height=\"274\" \/>Anim\u00e9e par une passion commune pour la montagne, la glisse et l\u2019envie de la partager, l\u2019\u00e9quipe d\u2019Antoine Ski saura vous accueillir et vous conseiller !<\/p>\n<p>Que vous soyez d\u00e9butant ou plut\u00f4t Free-rando,\u00a0elle\u00a0vous conseillera sur l&rsquo;\u00e9quipement qui vous sera le plus adapt\u00e9.<\/p>\n<p>Apr\u00e8s plusieurs saisons autour du monde Chili, Argentine, Canada\u2026 en tant qu\u2019entra\u00eeneur de ski, Antoine se laisse s\u00e9duire par la naissance d\u2019Avoriaz et son cadre grandiose. Il cr\u00e9e Antoine Ski en 1979<span style=\"color: inherit; font-family: inherit; font-size: 11.9px;\">.<\/span><\/p>\n<p>Antoine est \u00e0 votre \u00e9coute ainsi que toute son une \u00e9quipe cumulant plus de 25 ans d\u2019exp\u00e9rience \u00e0 eux quatre : Fabrice, pr\u00e9sent depuis 15 ans, \u00e9paul\u00e9 par Hugues, Andr\u00e9a, Antoine et Pierre-Louis.<\/p>\n<p><strong>Magasin Antoine Ski : 139 promenade du festival 74110 Avoriaz. \/ T\u00e9l\u00e9phone : +33.(0)4.50.74.17.90<\/strong><\/p>\n<h5><span style=\"color: #ff0000;\"><strong>Jusqu&rsquo;\u00e0<\/strong> -40%<\/span>\u00a0sur votre location\u00a0de mat\u00e9riel de ski en\u00a0fonction\u00a0des p\u00e9riodes. <span style=\"color: #ff0000;\">Code promotion sur demande \u00e0 notre adresse mail<\/span><\/h5>\n<div class=\"row\"> <div class=\"col-md-6\">\n<a href=\"http:\/\/location-ski.skilouresa.com\/antoine-ski\/\" class=\"btn button btn-shortcode kad-btn kad-btn-primary\" id=\"kadbtn20\" target=\"_blank\" style=\"background-color:#0000FF;color:#FFF;\">Cliquer ici pour r\u00e9server chez Antoine Ski  <\/a>\n<\/div><div class=\"col-md-6\">\n<a href=\"http:\/\/www.antoine-ski.fr\/pratique\/acces-et-contact\/\" class=\"btn button btn-shortcode kad-btn kad-btn-primary\" id=\"kadbtn757\" target=\"_blank\" style=\"background-color:#0000FF;color:#FFF;\">Cliquer ici pour contacter l'\u00e9quipe Antoine Ski  <\/a>\n<\/div><\/div>\n\n<style>#kt-layout-id_ffff60-19 > .kt-row-column-wrap{align-content:start;}:where(#kt-layout-id_ffff60-19 > .kt-row-column-wrap) > .wp-block-kadence-column{justify-content:start;}#kt-layout-id_ffff60-19 > .kt-row-column-wrap{column-gap:var(--global-kb-gap-md, 2rem);row-gap:var(--global-kb-gap-md, 2rem);padding-top:var( --global-kb-row-default-top, 25px );padding-bottom:var( --global-kb-row-default-bottom, 25px );padding-top:var(--global-kb-spacing-sm, 1.5rem);padding-bottom:var(--global-kb-spacing-sm, 1.5rem);grid-template-columns:repeat(2, minmax(0, 1fr));}#kt-layout-id_ffff60-19 > .kt-row-layout-overlay{opacity:0.30;}@media all and (max-width: 1024px){#kt-layout-id_ffff60-19 > .kt-row-column-wrap{grid-template-columns:repeat(2, minmax(0, 1fr));}}@media all and (max-width: 767px){#kt-layout-id_ffff60-19 > .kt-row-column-wrap{grid-template-columns:minmax(0, 1fr);}}<\/style>\n<div class=\"wp-block-kadence-rowlayout alignnone\"><div id=\"kt-layout-id_ffff60-19\" class=\"kt-row-layout-inner kt-layout-id_ffff60-19\"><div class=\"kt-row-column-wrap kt-has-2-columns kt-gutter-default kt-v-gutter-default kt-row-valign-top kt-row-layout-equal kt-tab-layout-inherit kt-m-colapse-left-to-right kt-mobile-layout-row\"><style>.kadence-column_9d0a5b-b7 > .kt-inside-inner-col{border-top-width:0px;border-right-width:0px;border-bottom-width:0px;border-left-width:0px;}.kadence-column_9d0a5b-b7 > .kt-inside-inner-col,.kadence-column_9d0a5b-b7 > .kt-inside-inner-col:before{border-top-left-radius:0px;border-top-right-radius:0px;border-bottom-right-radius:0px;border-bottom-left-radius:0px;}.kadence-column_9d0a5b-b7 > .kt-inside-inner-col{column-gap:var(--global-kb-gap-sm, 1rem);}.kadence-column_9d0a5b-b7 > .kt-inside-inner-col{flex-direction:column;}.kadence-column_9d0a5b-b7 > .kt-inside-inner-col > .aligncenter{width:100%;}.kadence-column_9d0a5b-b7 > .kt-inside-inner-col:before{opacity:0.3;}.kadence-column_9d0a5b-b7{position:relative;}@media all and (max-width: 1024px){.kadence-column_9d0a5b-b7 > .kt-inside-inner-col{flex-direction:column;justify-content:center;}}@media all and (max-width: 767px){.kadence-column_9d0a5b-b7 > .kt-inside-inner-col{flex-direction:column;justify-content:center;}}<\/style>\n<div class=\"wp-block-kadence-column inner-column-1 kadence-column_9d0a5b-b7\"><div class=\"kt-inside-inner-col\">\n<figure class=\"wp-block-image size-large\"><img loading=\"lazy\" decoding=\"async\" width=\"919\" height=\"613\" src=\"https:\/\/locappartavoriaz.com\/wp-content\/uploads\/2020\/09\/Antoine-ski-mag1.jpg\" alt=\"\" class=\"wp-image-1208\" srcset=\"https:\/\/locappartavoriaz.com\/wp-content\/uploads\/2020\/09\/Antoine-ski-mag1.jpg 919w, https:\/\/locappartavoriaz.com\/wp-content\/uploads\/2020\/09\/Antoine-ski-mag1-300x200.jpg 300w, https:\/\/locappartavoriaz.com\/wp-content\/uploads\/2020\/09\/Antoine-ski-mag1-768x512.jpg 768w\" sizes=\"auto, (max-width: 919px) 100vw, 919px\" \/><\/figure>\n<\/div><\/div>\n\n\n<style>.kadence-column_ddd654-a5 > .kt-inside-inner-col{border-top-width:0px;border-right-width:0px;border-bottom-width:0px;border-left-width:0px;}.kadence-column_ddd654-a5 > .kt-inside-inner-col,.kadence-column_ddd654-a5 > .kt-inside-inner-col:before{border-top-left-radius:0px;border-top-right-radius:0px;border-bottom-right-radius:0px;border-bottom-left-radius:0px;}.kadence-column_ddd654-a5 > .kt-inside-inner-col{column-gap:var(--global-kb-gap-sm, 1rem);}.kadence-column_ddd654-a5 > .kt-inside-inner-col{flex-direction:column;}.kadence-column_ddd654-a5 > .kt-inside-inner-col > .aligncenter{width:100%;}.kadence-column_ddd654-a5 > .kt-inside-inner-col:before{opacity:0.3;}.kadence-column_ddd654-a5{position:relative;}@media all and (max-width: 1024px){.kadence-column_ddd654-a5 > .kt-inside-inner-col{flex-direction:column;justify-content:center;}}@media all and (max-width: 767px){.kadence-column_ddd654-a5 > .kt-inside-inner-col{flex-direction:column;justify-content:center;}}<\/style>\n<div class=\"wp-block-kadence-column inner-column-2 kadence-column_ddd654-a5\"><div class=\"kt-inside-inner-col\">\n<figure class=\"wp-block-image size-large\"><img loading=\"lazy\" decoding=\"async\" width=\"911\" height=\"597\" src=\"https:\/\/locappartavoriaz.com\/wp-content\/uploads\/2020\/09\/Antoine-ski-mag2.jpg\" alt=\"\" class=\"wp-image-1209\" srcset=\"https:\/\/locappartavoriaz.com\/wp-content\/uploads\/2020\/09\/Antoine-ski-mag2.jpg 911w, https:\/\/locappartavoriaz.com\/wp-content\/uploads\/2020\/09\/Antoine-ski-mag2-300x197.jpg 300w, https:\/\/locappartavoriaz.com\/wp-content\/uploads\/2020\/09\/Antoine-ski-mag2-768x503.jpg 768w\" sizes=\"auto, (max-width: 911px) 100vw, 911px\" \/><\/figure>\n<\/div><\/div>\n<\/div><\/div><\/div>\n\n\n\n<p><\/p>\n","protected":false},"excerpt":{"rendered":"<p>Antoine Ski \u00e0 Avoriaz, un espace d\u00e9di\u00e9 \u00e0 la montagne, une \u00e9quipe de pro \u00e0 votre \u00e9coute. Anim\u00e9e par une passion commune pour la montagne, la glisse et l\u2019envie de la partager, l\u2019\u00e9quipe d\u2019Antoine Ski saura vous accueillir et vous &hellip; <a href=\"https:\/\/locappartavoriaz.com\/index.php\/location-ski\/\">Lire la suite\u00ad\u00ad<\/a><\/p>\n","protected":false},"author":1,"featured_media":0,"parent":0,"menu_order":5,"comment_status":"closed","ping_status":"closed","template":"page-fullwidth.php","meta":{"kt_blocks_editor_width":"","two_page_speed":[],"footnotes":""},"class_list":["post-425","page","type-page","status-publish","hentry"],"yoast_head":"<!-- This site is optimized with the Yoast SEO plugin v27.1.1 - https:\/\/yoast.com\/product\/yoast-seo-wordpress\/ -->\n<title>Ne pensez qu&#039;\u00e0 vos vacances, Ils s&#039;occupent de votre \u00e9quipement !! -<\/title>\n<meta name=\"robots\" content=\"index, follow, max-snippet:-1, max-image-preview:large, max-video-preview:-1\" \/>\n<link rel=\"canonical\" href=\"https:\/\/locappartavoriaz.com\/index.php\/location-ski\/\" \/>\n<meta property=\"og:locale\" content=\"fr_FR\" \/>\n<meta property=\"og:type\" content=\"article\" \/>\n<meta property=\"og:title\" content=\"Ne pensez qu&#039;\u00e0 vos vacances, Ils s&#039;occupent de votre \u00e9quipement !! -\" \/>\n<meta property=\"og:description\" content=\"Antoine Ski \u00e0 Avoriaz, un espace d\u00e9di\u00e9 \u00e0 la montagne, une \u00e9quipe de pro \u00e0 votre \u00e9coute. Anim\u00e9e par une passion commune pour la montagne, la glisse et l\u2019envie de la partager, l\u2019\u00e9quipe d\u2019Antoine Ski saura vous accueillir et vous &hellip; Lire la suite\u00ad\u00ad\" \/>\n<meta property=\"og:url\" content=\"https:\/\/locappartavoriaz.com\/index.php\/location-ski\/\" \/>\n<meta property=\"article:publisher\" content=\"https:\/\/www.facebook.com\/profile.php?id=100016065439269\" \/>\n<meta property=\"article:modified_time\" content=\"2020-09-09T18:15:48+00:00\" \/>\n<meta property=\"og:image\" content=\"https:\/\/locappartavoriaz.com\/wp-content\/uploads\/2020\/09\/Antoine-ski-new-1.png\" \/>\n<meta name=\"twitter:card\" content=\"summary_large_image\" \/>\n<meta name=\"twitter:label1\" content=\"Dur\u00e9e de lecture estim\u00e9e\" \/>\n\t<meta name=\"twitter:data1\" content=\"1 minute\" \/>\n<script type=\"application\/ld+json\" class=\"yoast-schema-graph\">{\"@context\":\"https:\/\/schema.org\",\"@graph\":[{\"@type\":\"WebPage\",\"@id\":\"https:\/\/locappartavoriaz.com\/index.php\/location-ski\/\",\"url\":\"https:\/\/locappartavoriaz.com\/index.php\/location-ski\/\",\"name\":\"Ne pensez qu'\u00e0 vos vacances, Ils s'occupent de votre \u00e9quipement !! -\",\"isPartOf\":{\"@id\":\"https:\/\/locappartavoriaz.com\/#website\"},\"primaryImageOfPage\":{\"@id\":\"https:\/\/locappartavoriaz.com\/index.php\/location-ski\/#primaryimage\"},\"image\":{\"@id\":\"https:\/\/locappartavoriaz.com\/index.php\/location-ski\/#primaryimage\"},\"thumbnailUrl\":\"https:\/\/locappartavoriaz.com\/wp-content\/uploads\/2020\/09\/Antoine-ski-new-1.png\",\"datePublished\":\"2017-08-30T21:20:42+00:00\",\"dateModified\":\"2020-09-09T18:15:48+00:00\",\"breadcrumb\":{\"@id\":\"https:\/\/locappartavoriaz.com\/index.php\/location-ski\/#breadcrumb\"},\"inLanguage\":\"fr-FR\",\"potentialAction\":[{\"@type\":\"ReadAction\",\"target\":[\"https:\/\/locappartavoriaz.com\/index.php\/location-ski\/\"]}]},{\"@type\":\"ImageObject\",\"inLanguage\":\"fr-FR\",\"@id\":\"https:\/\/locappartavoriaz.com\/index.php\/location-ski\/#primaryimage\",\"url\":\"\",\"contentUrl\":\"\"},{\"@type\":\"BreadcrumbList\",\"@id\":\"https:\/\/locappartavoriaz.com\/index.php\/location-ski\/#breadcrumb\",\"itemListElement\":[{\"@type\":\"ListItem\",\"position\":1,\"name\":\"Accueil\",\"item\":\"https:\/\/locappartavoriaz.com\/\"},{\"@type\":\"ListItem\",\"position\":2,\"name\":\"Ne pensez qu&rsquo;\u00e0 vos vacances, Ils s&rsquo;occupent de votre \u00e9quipement !!\"}]},{\"@type\":\"WebSite\",\"@id\":\"https:\/\/locappartavoriaz.com\/#website\",\"url\":\"https:\/\/locappartavoriaz.com\/\",\"name\":\"locappartavoriaz.com\",\"description\":\"Un site utilisant WordPress\",\"publisher\":{\"@id\":\"https:\/\/locappartavoriaz.com\/#organization\"},\"potentialAction\":[{\"@type\":\"SearchAction\",\"target\":{\"@type\":\"EntryPoint\",\"urlTemplate\":\"https:\/\/locappartavoriaz.com\/?s={search_term_string}\"},\"query-input\":{\"@type\":\"PropertyValueSpecification\",\"valueRequired\":true,\"valueName\":\"search_term_string\"}}],\"inLanguage\":\"fr-FR\"},{\"@type\":\"Organization\",\"@id\":\"https:\/\/locappartavoriaz.com\/#organization\",\"name\":\"loc appart avoriaz\",\"url\":\"https:\/\/locappartavoriaz.com\/\",\"logo\":{\"@type\":\"ImageObject\",\"inLanguage\":\"fr-FR\",\"@id\":\"https:\/\/locappartavoriaz.com\/#\/schema\/logo\/image\/\",\"url\":\"https:\/\/locappartavoriaz.com\/wp-content\/uploads\/2024\/09\/logo.jpg\",\"contentUrl\":\"https:\/\/locappartavoriaz.com\/wp-content\/uploads\/2024\/09\/logo.jpg\",\"width\":698,\"height\":395,\"caption\":\"loc appart avoriaz\"},\"image\":{\"@id\":\"https:\/\/locappartavoriaz.com\/#\/schema\/logo\/image\/\"},\"sameAs\":[\"https:\/\/www.facebook.com\/profile.php?id=100016065439269\"]}]}<\/script>\n<!-- \/ Yoast SEO plugin. -->","yoast_head_json":{"title":"Ne pensez qu'\u00e0 vos vacances, Ils s'occupent de votre \u00e9quipement !! -","robots":{"index":"index","follow":"follow","max-snippet":"max-snippet:-1","max-image-preview":"max-image-preview:large","max-video-preview":"max-video-preview:-1"},"canonical":"https:\/\/locappartavoriaz.com\/index.php\/location-ski\/","og_locale":"fr_FR","og_type":"article","og_title":"Ne pensez qu'\u00e0 vos vacances, Ils s'occupent de votre \u00e9quipement !! -","og_description":"Antoine Ski \u00e0 Avoriaz, un espace d\u00e9di\u00e9 \u00e0 la montagne, une \u00e9quipe de pro \u00e0 votre \u00e9coute. Anim\u00e9e par une passion commune pour la montagne, la glisse et l\u2019envie de la partager, l\u2019\u00e9quipe d\u2019Antoine Ski saura vous accueillir et vous &hellip; Lire la suite\u00ad\u00ad","og_url":"https:\/\/locappartavoriaz.com\/index.php\/location-ski\/","article_publisher":"https:\/\/www.facebook.com\/profile.php?id=100016065439269","article_modified_time":"2020-09-09T18:15:48+00:00","og_image":[{"url":"https:\/\/locappartavoriaz.com\/wp-content\/uploads\/2020\/09\/Antoine-ski-new-1.png","type":"","width":"","height":""}],"twitter_card":"summary_large_image","twitter_misc":{"Dur\u00e9e de lecture estim\u00e9e":"1 minute"},"schema":{"@context":"https:\/\/schema.org","@graph":[{"@type":"WebPage","@id":"https:\/\/locappartavoriaz.com\/index.php\/location-ski\/","url":"https:\/\/locappartavoriaz.com\/index.php\/location-ski\/","name":"Ne pensez qu'\u00e0 vos vacances, Ils s'occupent de votre \u00e9quipement !! -","isPartOf":{"@id":"https:\/\/locappartavoriaz.com\/#website"},"primaryImageOfPage":{"@id":"https:\/\/locappartavoriaz.com\/index.php\/location-ski\/#primaryimage"},"image":{"@id":"https:\/\/locappartavoriaz.com\/index.php\/location-ski\/#primaryimage"},"thumbnailUrl":"https:\/\/locappartavoriaz.com\/wp-content\/uploads\/2020\/09\/Antoine-ski-new-1.png","datePublished":"2017-08-30T21:20:42+00:00","dateModified":"2020-09-09T18:15:48+00:00","breadcrumb":{"@id":"https:\/\/locappartavoriaz.com\/index.php\/location-ski\/#breadcrumb"},"inLanguage":"fr-FR","potentialAction":[{"@type":"ReadAction","target":["https:\/\/locappartavoriaz.com\/index.php\/location-ski\/"]}]},{"@type":"ImageObject","inLanguage":"fr-FR","@id":"https:\/\/locappartavoriaz.com\/index.php\/location-ski\/#primaryimage","url":"","contentUrl":""},{"@type":"BreadcrumbList","@id":"https:\/\/locappartavoriaz.com\/index.php\/location-ski\/#breadcrumb","itemListElement":[{"@type":"ListItem","position":1,"name":"Accueil","item":"https:\/\/locappartavoriaz.com\/"},{"@type":"ListItem","position":2,"name":"Ne pensez qu&rsquo;\u00e0 vos vacances, Ils s&rsquo;occupent de votre \u00e9quipement !!"}]},{"@type":"WebSite","@id":"https:\/\/locappartavoriaz.com\/#website","url":"https:\/\/locappartavoriaz.com\/","name":"locappartavoriaz.com","description":"Un site utilisant WordPress","publisher":{"@id":"https:\/\/locappartavoriaz.com\/#organization"},"potentialAction":[{"@type":"SearchAction","target":{"@type":"EntryPoint","urlTemplate":"https:\/\/locappartavoriaz.com\/?s={search_term_string}"},"query-input":{"@type":"PropertyValueSpecification","valueRequired":true,"valueName":"search_term_string"}}],"inLanguage":"fr-FR"},{"@type":"Organization","@id":"https:\/\/locappartavoriaz.com\/#organization","name":"loc appart avoriaz","url":"https:\/\/locappartavoriaz.com\/","logo":{"@type":"ImageObject","inLanguage":"fr-FR","@id":"https:\/\/locappartavoriaz.com\/#\/schema\/logo\/image\/","url":"https:\/\/locappartavoriaz.com\/wp-content\/uploads\/2024\/09\/logo.jpg","contentUrl":"https:\/\/locappartavoriaz.com\/wp-content\/uploads\/2024\/09\/logo.jpg","width":698,"height":395,"caption":"loc appart avoriaz"},"image":{"@id":"https:\/\/locappartavoriaz.com\/#\/schema\/logo\/image\/"},"sameAs":["https:\/\/www.facebook.com\/profile.php?id=100016065439269"]}]}},"_links":{"self":[{"href":"https:\/\/locappartavoriaz.com\/index.php\/wp-json\/wp\/v2\/pages\/425","targetHints":{"allow":["GET"]}}],"collection":[{"href":"https:\/\/locappartavoriaz.com\/index.php\/wp-json\/wp\/v2\/pages"}],"about":[{"href":"https:\/\/locappartavoriaz.com\/index.php\/wp-json\/wp\/v2\/types\/page"}],"author":[{"embeddable":true,"href":"https:\/\/locappartavoriaz.com\/index.php\/wp-json\/wp\/v2\/users\/1"}],"replies":[{"embeddable":true,"href":"https:\/\/locappartavoriaz.com\/index.php\/wp-json\/wp\/v2\/comments?post=425"}],"version-history":[{"count":9,"href":"https:\/\/locappartavoriaz.com\/index.php\/wp-json\/wp\/v2\/pages\/425\/revisions"}],"predecessor-version":[{"id":1217,"href":"https:\/\/locappartavoriaz.com\/index.php\/wp-json\/wp\/v2\/pages\/425\/revisions\/1217"}],"wp:attachment":[{"href":"https:\/\/locappartavoriaz.com\/index.php\/wp-json\/wp\/v2\/media?parent=425"}],"curies":[{"name":"wp","href":"https:\/\/api.w.org\/{rel}","templated":true}]}}