{"id":2101,"date":"2024-09-09T14:30:06","date_gmt":"2024-09-09T12:30:06","guid":{"rendered":"https:\/\/locappartavoriaz.com\/?page_id=2101"},"modified":"2024-09-09T14:30:54","modified_gmt":"2024-09-09T12:30:54","slug":"ski-nordique","status":"publish","type":"page","link":"https:\/\/locappartavoriaz.com\/index.php\/ski-nordique\/","title":{"rendered":"Ski Nordique"},"content":{"rendered":"<h2 class=\"wp-block-heading\"><strong>Profitez au maximum , vous \u00eates en vacances \u00e0 AVORIAZ !<\/strong><\/h2>\n<h5 class=\"wp-block-heading\">Ressourcez vous au calme en pleine nature<\/h5>\n<figure id=\"attachment_2075\" class=\"thumbnail wp-caption aligncenter\" style=\"width: 692px\"><a href=\"https:\/\/www.calameo.com\/avoriaz\/read\/00282789293071f32c41d\" target=\"_blank\" rel=\"noopener\"><img loading=\"lazy\" decoding=\"async\" class=\"wp-image-2075\" src=\"https:\/\/locappartavoriaz.com\/wp-content\/uploads\/2024\/09\/Randonnee-300x166.jpg\" alt=\"\" width=\"692\" height=\"383\" srcset=\"https:\/\/locappartavoriaz.com\/wp-content\/uploads\/2024\/09\/Randonnee-300x166.jpg 300w, https:\/\/locappartavoriaz.com\/wp-content\/uploads\/2024\/09\/Randonnee-768x425.jpg 768w, https:\/\/locappartavoriaz.com\/wp-content\/uploads\/2024\/09\/Randonnee-600x332.jpg 600w, https:\/\/locappartavoriaz.com\/wp-content\/uploads\/2024\/09\/Randonnee.jpg 908w\" sizes=\"auto, (max-width: 692px) 100vw, 692px\" \/><\/a><figcaption class=\"caption wp-caption-text\">Cliquer sur la photo pour d\u00e9couvrir les balades<\/figcaption><\/figure>\n<h4><\/h4>\n<section class=\"Editorial-section\" data-v-ef713990=\"\">\n<div class=\"Editorial-wrapModule u-containerModuleSmall\" data-v-ef713990=\"\">\n<div class=\"CMSText\" data-v-17cacad4=\"\" data-v-ef713990=\"\">\n<h4 class=\"h4\"><strong>Vous pourrez utiliser les remont\u00e9es m\u00e9caniques pi\u00e9tonnes pour atteindre les itin\u00e9raires balis\u00e9s et r\u00e9aliser des balades accessibles \u00e0 tous.\u00a0\u00a0<\/strong><\/h4>\n<figure id=\"attachment_1990\" class=\"thumbnail wp-caption alignright\" style=\"width: 564px\"><a href=\"https:\/\/www.avoriaz.com\/activites-hiver\/nos-activites-hiver\/balades-et-raquettes\"><img loading=\"lazy\" decoding=\"async\" class=\"wp-image-1990\" title=\"https:\/\/www.avoriaz.com\/activites-hiver\/nos-activites-hiver\/balades-et-raquettes\" src=\"https:\/\/locappartavoriaz.com\/wp-content\/uploads\/2024\/09\/Montee-Avoriaz-Alexis-300x225.jpg\" alt=\"\" width=\"564\" height=\"423\" srcset=\"https:\/\/locappartavoriaz.com\/wp-content\/uploads\/2024\/09\/Montee-Avoriaz-Alexis-300x225.jpg 300w, https:\/\/locappartavoriaz.com\/wp-content\/uploads\/2024\/09\/Montee-Avoriaz-Alexis-600x450.jpg 600w, https:\/\/locappartavoriaz.com\/wp-content\/uploads\/2024\/09\/Montee-Avoriaz-Alexis.jpg 640w\" sizes=\"auto, (max-width: 564px) 100vw, 564px\" \/><\/a><figcaption class=\"caption wp-caption-text\">Cliquer sur la photo pour acc\u00e9der a toutes les infos de l&rsquo;office de tourisme<\/figcaption><\/figure>\n<\/div>\n<\/div>\n<\/section>\n","protected":false},"excerpt":{"rendered":"<p>Profitez au maximum , vous \u00eates en vacances \u00e0 AVORIAZ ! Ressourcez vous au calme en pleine nature Vous pourrez utiliser les remont\u00e9es m\u00e9caniques pi\u00e9tonnes pour atteindre les itin\u00e9raires balis\u00e9s et r\u00e9aliser des balades accessibles \u00e0 tous.\u00a0\u00a0<\/p>\n","protected":false},"author":1,"featured_media":0,"parent":0,"menu_order":0,"comment_status":"closed","ping_status":"closed","template":"","meta":{"kt_blocks_editor_width":"","two_page_speed":[],"footnotes":""},"class_list":["post-2101","page","type-page","status-publish","hentry"],"yoast_head":"<!-- This site is optimized with the Yoast SEO plugin v27.1.1 - https:\/\/yoast.com\/product\/yoast-seo-wordpress\/ -->\n<title>Ski Nordique -<\/title>\n<meta name=\"robots\" content=\"index, follow, max-snippet:-1, max-image-preview:large, max-video-preview:-1\" \/>\n<link rel=\"canonical\" href=\"https:\/\/locappartavoriaz.com\/index.php\/ski-nordique\/\" \/>\n<meta property=\"og:locale\" content=\"fr_FR\" \/>\n<meta property=\"og:type\" content=\"article\" \/>\n<meta property=\"og:title\" content=\"Ski Nordique -\" \/>\n<meta property=\"og:description\" content=\"Profitez au maximum , vous \u00eates en vacances \u00e0 AVORIAZ ! Ressourcez vous au calme en pleine nature Vous pourrez utiliser les remont\u00e9es m\u00e9caniques pi\u00e9tonnes pour atteindre les itin\u00e9raires balis\u00e9s et r\u00e9aliser des balades accessibles \u00e0 tous.\u00a0\u00a0\" \/>\n<meta property=\"og:url\" content=\"https:\/\/locappartavoriaz.com\/index.php\/ski-nordique\/\" \/>\n<meta property=\"article:publisher\" content=\"https:\/\/www.facebook.com\/profile.php?id=100016065439269\" \/>\n<meta property=\"article:modified_time\" content=\"2024-09-09T12:30:54+00:00\" \/>\n<meta property=\"og:image\" content=\"https:\/\/locappartavoriaz.com\/wp-content\/uploads\/2024\/09\/Randonnee-300x166.jpg\" \/>\n<meta name=\"twitter:card\" content=\"summary_large_image\" \/>\n<meta name=\"twitter:label1\" content=\"Dur\u00e9e de lecture estim\u00e9e\" \/>\n\t<meta name=\"twitter:data1\" content=\"1 minute\" \/>\n<script type=\"application\/ld+json\" class=\"yoast-schema-graph\">{\"@context\":\"https:\/\/schema.org\",\"@graph\":[{\"@type\":\"WebPage\",\"@id\":\"https:\/\/locappartavoriaz.com\/index.php\/ski-nordique\/\",\"url\":\"https:\/\/locappartavoriaz.com\/index.php\/ski-nordique\/\",\"name\":\"Ski Nordique -\",\"isPartOf\":{\"@id\":\"https:\/\/locappartavoriaz.com\/#website\"},\"primaryImageOfPage\":{\"@id\":\"https:\/\/locappartavoriaz.com\/index.php\/ski-nordique\/#primaryimage\"},\"image\":{\"@id\":\"https:\/\/locappartavoriaz.com\/index.php\/ski-nordique\/#primaryimage\"},\"thumbnailUrl\":\"https:\/\/locappartavoriaz.com\/wp-content\/uploads\/2024\/09\/Randonnee-300x166.jpg\",\"datePublished\":\"2024-09-09T12:30:06+00:00\",\"dateModified\":\"2024-09-09T12:30:54+00:00\",\"breadcrumb\":{\"@id\":\"https:\/\/locappartavoriaz.com\/index.php\/ski-nordique\/#breadcrumb\"},\"inLanguage\":\"fr-FR\",\"potentialAction\":[{\"@type\":\"ReadAction\",\"target\":[\"https:\/\/locappartavoriaz.com\/index.php\/ski-nordique\/\"]}]},{\"@type\":\"ImageObject\",\"inLanguage\":\"fr-FR\",\"@id\":\"https:\/\/locappartavoriaz.com\/index.php\/ski-nordique\/#primaryimage\",\"url\":\"https:\/\/locappartavoriaz.com\/wp-content\/uploads\/2024\/09\/Randonnee.jpg\",\"contentUrl\":\"https:\/\/locappartavoriaz.com\/wp-content\/uploads\/2024\/09\/Randonnee.jpg\",\"width\":908,\"height\":502},{\"@type\":\"BreadcrumbList\",\"@id\":\"https:\/\/locappartavoriaz.com\/index.php\/ski-nordique\/#breadcrumb\",\"itemListElement\":[{\"@type\":\"ListItem\",\"position\":1,\"name\":\"Accueil\",\"item\":\"https:\/\/locappartavoriaz.com\/\"},{\"@type\":\"ListItem\",\"position\":2,\"name\":\"Ski Nordique\"}]},{\"@type\":\"WebSite\",\"@id\":\"https:\/\/locappartavoriaz.com\/#website\",\"url\":\"https:\/\/locappartavoriaz.com\/\",\"name\":\"locappartavoriaz.com\",\"description\":\"Un site utilisant WordPress\",\"publisher\":{\"@id\":\"https:\/\/locappartavoriaz.com\/#organization\"},\"potentialAction\":[{\"@type\":\"SearchAction\",\"target\":{\"@type\":\"EntryPoint\",\"urlTemplate\":\"https:\/\/locappartavoriaz.com\/?s={search_term_string}\"},\"query-input\":{\"@type\":\"PropertyValueSpecification\",\"valueRequired\":true,\"valueName\":\"search_term_string\"}}],\"inLanguage\":\"fr-FR\"},{\"@type\":\"Organization\",\"@id\":\"https:\/\/locappartavoriaz.com\/#organization\",\"name\":\"loc appart avoriaz\",\"url\":\"https:\/\/locappartavoriaz.com\/\",\"logo\":{\"@type\":\"ImageObject\",\"inLanguage\":\"fr-FR\",\"@id\":\"https:\/\/locappartavoriaz.com\/#\/schema\/logo\/image\/\",\"url\":\"https:\/\/locappartavoriaz.com\/wp-content\/uploads\/2024\/09\/logo.jpg\",\"contentUrl\":\"https:\/\/locappartavoriaz.com\/wp-content\/uploads\/2024\/09\/logo.jpg\",\"width\":698,\"height\":395,\"caption\":\"loc appart avoriaz\"},\"image\":{\"@id\":\"https:\/\/locappartavoriaz.com\/#\/schema\/logo\/image\/\"},\"sameAs\":[\"https:\/\/www.facebook.com\/profile.php?id=100016065439269\"]}]}<\/script>\n<!-- \/ Yoast SEO plugin. -->","yoast_head_json":{"title":"Ski Nordique -","robots":{"index":"index","follow":"follow","max-snippet":"max-snippet:-1","max-image-preview":"max-image-preview:large","max-video-preview":"max-video-preview:-1"},"canonical":"https:\/\/locappartavoriaz.com\/index.php\/ski-nordique\/","og_locale":"fr_FR","og_type":"article","og_title":"Ski Nordique -","og_description":"Profitez au maximum , vous \u00eates en vacances \u00e0 AVORIAZ ! Ressourcez vous au calme en pleine nature Vous pourrez utiliser les remont\u00e9es m\u00e9caniques pi\u00e9tonnes pour atteindre les itin\u00e9raires balis\u00e9s et r\u00e9aliser des balades accessibles \u00e0 tous.\u00a0\u00a0","og_url":"https:\/\/locappartavoriaz.com\/index.php\/ski-nordique\/","article_publisher":"https:\/\/www.facebook.com\/profile.php?id=100016065439269","article_modified_time":"2024-09-09T12:30:54+00:00","og_image":[{"url":"https:\/\/locappartavoriaz.com\/wp-content\/uploads\/2024\/09\/Randonnee-300x166.jpg","type":"","width":"","height":""}],"twitter_card":"summary_large_image","twitter_misc":{"Dur\u00e9e de lecture estim\u00e9e":"1 minute"},"schema":{"@context":"https:\/\/schema.org","@graph":[{"@type":"WebPage","@id":"https:\/\/locappartavoriaz.com\/index.php\/ski-nordique\/","url":"https:\/\/locappartavoriaz.com\/index.php\/ski-nordique\/","name":"Ski Nordique -","isPartOf":{"@id":"https:\/\/locappartavoriaz.com\/#website"},"primaryImageOfPage":{"@id":"https:\/\/locappartavoriaz.com\/index.php\/ski-nordique\/#primaryimage"},"image":{"@id":"https:\/\/locappartavoriaz.com\/index.php\/ski-nordique\/#primaryimage"},"thumbnailUrl":"https:\/\/locappartavoriaz.com\/wp-content\/uploads\/2024\/09\/Randonnee-300x166.jpg","datePublished":"2024-09-09T12:30:06+00:00","dateModified":"2024-09-09T12:30:54+00:00","breadcrumb":{"@id":"https:\/\/locappartavoriaz.com\/index.php\/ski-nordique\/#breadcrumb"},"inLanguage":"fr-FR","potentialAction":[{"@type":"ReadAction","target":["https:\/\/locappartavoriaz.com\/index.php\/ski-nordique\/"]}]},{"@type":"ImageObject","inLanguage":"fr-FR","@id":"https:\/\/locappartavoriaz.com\/index.php\/ski-nordique\/#primaryimage","url":"https:\/\/locappartavoriaz.com\/wp-content\/uploads\/2024\/09\/Randonnee.jpg","contentUrl":"https:\/\/locappartavoriaz.com\/wp-content\/uploads\/2024\/09\/Randonnee.jpg","width":908,"height":502},{"@type":"BreadcrumbList","@id":"https:\/\/locappartavoriaz.com\/index.php\/ski-nordique\/#breadcrumb","itemListElement":[{"@type":"ListItem","position":1,"name":"Accueil","item":"https:\/\/locappartavoriaz.com\/"},{"@type":"ListItem","position":2,"name":"Ski Nordique"}]},{"@type":"WebSite","@id":"https:\/\/locappartavoriaz.com\/#website","url":"https:\/\/locappartavoriaz.com\/","name":"locappartavoriaz.com","description":"Un site utilisant WordPress","publisher":{"@id":"https:\/\/locappartavoriaz.com\/#organization"},"potentialAction":[{"@type":"SearchAction","target":{"@type":"EntryPoint","urlTemplate":"https:\/\/locappartavoriaz.com\/?s={search_term_string}"},"query-input":{"@type":"PropertyValueSpecification","valueRequired":true,"valueName":"search_term_string"}}],"inLanguage":"fr-FR"},{"@type":"Organization","@id":"https:\/\/locappartavoriaz.com\/#organization","name":"loc appart avoriaz","url":"https:\/\/locappartavoriaz.com\/","logo":{"@type":"ImageObject","inLanguage":"fr-FR","@id":"https:\/\/locappartavoriaz.com\/#\/schema\/logo\/image\/","url":"https:\/\/locappartavoriaz.com\/wp-content\/uploads\/2024\/09\/logo.jpg","contentUrl":"https:\/\/locappartavoriaz.com\/wp-content\/uploads\/2024\/09\/logo.jpg","width":698,"height":395,"caption":"loc appart avoriaz"},"image":{"@id":"https:\/\/locappartavoriaz.com\/#\/schema\/logo\/image\/"},"sameAs":["https:\/\/www.facebook.com\/profile.php?id=100016065439269"]}]}},"_links":{"self":[{"href":"https:\/\/locappartavoriaz.com\/index.php\/wp-json\/wp\/v2\/pages\/2101","targetHints":{"allow":["GET"]}}],"collection":[{"href":"https:\/\/locappartavoriaz.com\/index.php\/wp-json\/wp\/v2\/pages"}],"about":[{"href":"https:\/\/locappartavoriaz.com\/index.php\/wp-json\/wp\/v2\/types\/page"}],"author":[{"embeddable":true,"href":"https:\/\/locappartavoriaz.com\/index.php\/wp-json\/wp\/v2\/users\/1"}],"replies":[{"embeddable":true,"href":"https:\/\/locappartavoriaz.com\/index.php\/wp-json\/wp\/v2\/comments?post=2101"}],"version-history":[{"count":2,"href":"https:\/\/locappartavoriaz.com\/index.php\/wp-json\/wp\/v2\/pages\/2101\/revisions"}],"predecessor-version":[{"id":2103,"href":"https:\/\/locappartavoriaz.com\/index.php\/wp-json\/wp\/v2\/pages\/2101\/revisions\/2103"}],"wp:attachment":[{"href":"https:\/\/locappartavoriaz.com\/index.php\/wp-json\/wp\/v2\/media?parent=2101"}],"curies":[{"name":"wp","href":"https:\/\/api.w.org\/{rel}","templated":true}]}}